{"id":925,"date":"2024-01-03T10:25:23","date_gmt":"2024-01-03T09:25:23","guid":{"rendered":"https:\/\/plateformeviolencesffpe.org\/?page_id=925"},"modified":"2024-12-03T14:33:59","modified_gmt":"2024-12-03T13:33:59","slug":"reperer-les-violences","status":"publish","type":"page","link":"https:\/\/plateformeviolencesffpe.org\/index.php\/le-portail-de-ressources-agir-contre-les-violences\/connaitre-et-comprendre-la-mecanique-des-violences-sexistes-et-sexuelles\/reperer-les-violences\/","title":{"rendered":"Rep\u00e9rer l\u2019\u00e9mergence et les m\u00e9canismes des violences"},"content":{"rendered":"\n<p class=\"has-text-align-center\" style=\"font-size:20px\"><a href=\"https:\/\/plateformeviolencesffpe.org\/index.php\/le-portail-de-ressources-agir-contre-les-violences\/connaitre-et-comprendre-la-mecanique-des-violences-sexistes-et-sexuelles\/\" data-type=\"page\" data-id=\"146\">Retour<\/a><\/p>\n\n\n\n<h1 class=\"wp-block-heading has-text-align-left has-raft-fg-alt-color has-custom-comprendre-sexisme-background-color has-text-color has-background has-link-color has-x-large-font-size wp-elements-495d4439e50bfeb7d704a64798f9d996\" style=\"padding-top:var(--wp--preset--spacing--30);padding-right:var(--wp--preset--spacing--40);padding-bottom:var(--wp--preset--spacing--30);padding-left:var(--wp--preset--spacing--40)\">Rep\u00e9rer l\u2019\u00e9mergence et les m\u00e9canismes des violences<\/h1>\n\n\n\n<div class=\"wp-block-group has-custom-fond-comprendre-sexisme-background-color has-background is-layout-constrained wp-block-group-is-layout-constrained\" style=\"margin-top:var(--wp--preset--spacing--60);margin-bottom:var(--wp--preset--spacing--60);padding-top:var(--wp--preset--spacing--40);padding-bottom:var(--wp--preset--spacing--40)\">\n<h2 class=\"wp-block-heading has-raft-fg-color has-text-color has-link-color has-medium-font-size wp-elements-02b4c92ff3043c6b7e1c4bec7e622588\">D\u00e9finition<\/h2>\n\n\n\n<div class=\"wp-block-buttons is-vertical is-nowrap is-layout-flex wp-container-core-buttons-is-layout-3655d5c7 wp-block-buttons-is-layout-flex\">\n<div class=\"wp-block-button is-style-outline is-style-outline--1\"><a class=\"wp-block-button__link has-custom-comprendre-sexisme-color has-text-color has-link-color wp-element-button\" href=\"https:\/\/plateformeviolencesffpe.org\/wp-content\/uploads\/2024\/01\/RECONNAITRE-LES-VIOLENCES.pdf\" target=\"_blank\" rel=\"noreferrer noopener\">Reconnaitre les violences<\/a><\/div>\n\n\n\n<div class=\"wp-block-button is-style-outline is-style-outline--2\"><a class=\"wp-block-button__link has-custom-comprendre-sexisme-color has-text-color has-link-color wp-element-button\" href=\"https:\/\/plateformeviolencesffpe.org\/wp-content\/uploads\/2024\/01\/14-Violences-sexistes-et-sexuelles.pdf\" target=\"_blank\" rel=\"noreferrer noopener\">Les violences sexistes et sexuelles<\/a><\/div>\n\n\n\n<div class=\"wp-block-button is-style-outline is-style-outline--3\"><a class=\"wp-block-button__link has-custom-comprendre-sexisme-color has-text-color has-link-color wp-element-button\" href=\"https:\/\/plateformeviolencesffpe.org\/wp-content\/uploads\/2024\/11\/violences-et-leurs-consequences-sur-la-SANTE.pdf\" target=\"_blank\" rel=\"noreferrer noopener\">Les violences et leurs cons\u00e9quences sur la sant\u00e9<\/a><\/div>\n\n\n\n<div class=\"wp-block-button is-style-outline is-style-outline--4\"><a class=\"wp-block-button__link has-custom-comprendre-sexisme-color has-text-color has-link-color wp-element-button\" href=\"https:\/\/plateformeviolencesffpe.org\/wp-content\/uploads\/2024\/12\/IDENTIFICATION-POUVOIR-des-agresseurs.pdf\" target=\"_blank\" rel=\"noreferrer noopener\">Sch\u00e9ma de la roue du pouvoir et du contr\u00f4le<\/a><\/div>\n<\/div>\n<\/div>\n\n\n\n<div class=\"wp-block-group has-custom-fond-comprendre-sexisme-background-color has-background is-layout-constrained wp-block-group-is-layout-constrained\" style=\"margin-top:var(--wp--preset--spacing--60);margin-bottom:var(--wp--preset--spacing--60);padding-top:var(--wp--preset--spacing--40);padding-bottom:var(--wp--preset--spacing--40)\">\n<h2 class=\"wp-block-heading has-raft-fg-color has-text-color has-link-color has-medium-font-size wp-elements-083f5752dbe486104d4bceea94082b87\">Des ressources pour comprendre et agir<\/h2>\n\n\n\n<div class=\"wp-block-buttons is-vertical is-nowrap is-layout-flex wp-container-core-buttons-is-layout-3655d5c7 wp-block-buttons-is-layout-flex\">\n<div class=\"wp-block-button is-style-outline is-style-outline--5\"><a class=\"wp-block-button__link has-custom-comprendre-sexisme-color has-text-color has-link-color wp-element-button\" href=\"https:\/\/www.haute-garonne.fr\/service\/violences-faites-aux-femmes\" target=\"_blank\" rel=\"noreferrer noopener\">Observatoire d\u00e9partemental des violences faites aux femmes de la Haute-Garonne<\/a><\/div>\n\n\n\n<div class=\"wp-block-button is-style-outline is-style-outline--6\"><a class=\"wp-block-button__link has-custom-comprendre-sexisme-color has-text-color has-link-color wp-element-button\" href=\"https:\/\/plateformeviolencesffpe.org\/wp-content\/uploads\/2024\/01\/8-FICHE-_REPERER_les_situations_de_violences_sexuelles_et_agir_1343767.pdf\" target=\"_blank\" rel=\"noreferrer noopener\">Rep\u00e9rer les situations de violences sexuelles et agir<\/a><\/div>\n\n\n\n<div class=\"wp-block-button is-style-outline is-style-outline--7\"><a class=\"wp-block-button__link has-custom-comprendre-sexisme-color has-text-color has-link-color wp-element-button\" href=\"https:\/\/plateformeviolencesffpe.org\/wp-content\/uploads\/2024\/01\/7-VIOLENCES-FEMMES-SITUATION-HANDICAP.pdf\" target=\"_blank\" rel=\"noreferrer noopener\">Rep\u00e9rer les violences faites aux femmes en situation de handicap<\/a><\/div>\n\n\n\n<div class=\"wp-block-button is-style-outline is-style-outline--8\"><a class=\"wp-block-button__link has-custom-comprendre-sexisme-color has-text-color has-link-color wp-element-button\" href=\"https:\/\/plateformeviolencesffpe.org\/wp-content\/uploads\/2024\/11\/Violences-en-milieux-festifs_-quoi-faire-_.pdf\" target=\"_blank\" rel=\"noreferrer noopener\">Violences sexistes et sexuelles en milieu festif<\/a><\/div>\n<\/div>\n<\/div>\n\n\n\n<div class=\"wp-block-group has-custom-fond-comprendre-sexisme-background-color has-background is-layout-constrained wp-block-group-is-layout-constrained\" style=\"margin-top:var(--wp--preset--spacing--60);margin-bottom:var(--wp--preset--spacing--60);padding-top:var(--wp--preset--spacing--40);padding-bottom:var(--wp--preset--spacing--40)\">\n<h2 class=\"wp-block-heading has-raft-fg-color has-text-color has-link-color has-medium-font-size wp-elements-3e9a25775b4dac9ae82878e66ad95a84\">Comportements sexistes et violences sexuelles au coll\u00e8ge et au lyc\u00e9e<\/h2>\n\n\n\n<div class=\"wp-block-buttons is-vertical is-nowrap is-layout-flex wp-container-core-buttons-is-layout-3655d5c7 wp-block-buttons-is-layout-flex\">\n<div class=\"wp-block-button is-style-outline is-style-outline--9\"><a class=\"wp-block-button__link has-custom-comprendre-sexisme-color has-text-color has-link-color wp-element-button\" href=\"https:\/\/plateformeviolencesffpe.org\/wp-content\/uploads\/2024\/01\/14-VSI-COMPORTEMENT-SEXUELS-ENFANTS.pdf\" target=\"_blank\" rel=\"noreferrer noopener\">S\u2019informer, pour mieux prot\u00e9ger&nbsp;: comportements sexuels des enfants<\/a><\/div>\n\n\n\n<div class=\"wp-block-button is-style-outline is-style-outline--10\"><a class=\"wp-block-button__link has-custom-comprendre-sexisme-color has-text-color has-link-color wp-element-button\" href=\"https:\/\/plateformeviolencesffpe.org\/wp-content\/uploads\/2024\/01\/1b-GUIDE-comportements-sexistes-et-violences-sexuelles-.pdf\" target=\"_blank\" rel=\"noreferrer noopener\">Pr\u00e9venir, rep\u00e9rer, les comportements sexistes et les violences sexuelles au coll\u00e8ge et au lyc\u00e9e<\/a><\/div>\n\n\n\n<div class=\"wp-block-button is-style-outline is-style-outline--11\"><a class=\"wp-block-button__link has-custom-comprendre-sexisme-color has-text-color has-link-color wp-element-button\" href=\"https:\/\/plateformeviolencesffpe.org\/wp-content\/uploads\/2024\/01\/5a-VIOLENCES-SEXISTES-a-l_ECOLE.pdf\" target=\"_blank\" rel=\"noreferrer noopener\">Comprendre les comportements sexistes \u00e0 l\u2019\u00e9cole<\/a><\/div>\n\n\n\n<div class=\"wp-block-button is-style-outline is-style-outline--12\"><a class=\"wp-block-button__link has-custom-comprendre-sexisme-color has-text-color has-link-color wp-element-button\" href=\"https:\/\/plateformeviolencesffpe.org\/wp-content\/uploads\/2024\/01\/1a-Signaux-dalerte-et-phrases-assassines-Les-violences-sexuelles-sur-les-mineurs.pdf\" target=\"_blank\" rel=\"noreferrer noopener\">Signaux d\u2019alerte et phrases assassines : Les violences sexuelles sur les mineurs<\/a><\/div>\n<\/div>\n<\/div>\n\n\n\n<div class=\"wp-block-group has-custom-fond-comprendre-sexisme-background-color has-background is-layout-constrained wp-block-group-is-layout-constrained\" style=\"margin-top:var(--wp--preset--spacing--60);margin-bottom:var(--wp--preset--spacing--60);padding-top:var(--wp--preset--spacing--40);padding-bottom:var(--wp--preset--spacing--40)\">\n<h2 class=\"wp-block-heading has-raft-fg-color has-text-color has-link-color has-medium-font-size wp-elements-9f12bd7003b0a24e4112c534bd57e51c\">Des outils<\/h2>\n\n\n\n<div class=\"wp-block-buttons is-vertical is-nowrap is-layout-flex wp-container-core-buttons-is-layout-3655d5c7 wp-block-buttons-is-layout-flex\">\n<div class=\"wp-block-button is-style-outline is-style-outline--13\"><a class=\"wp-block-button__link has-custom-comprendre-sexisme-color has-text-color has-link-color wp-element-button\" href=\"https:\/\/plateformeviolencesffpe.org\/wp-content\/uploads\/2024\/01\/7-harcelometre.pdf\" target=\"_blank\" rel=\"noreferrer noopener\">Le harc\u00e8lom\u00e8tre<\/a><\/div>\n\n\n\n<div class=\"wp-block-button is-style-outline is-style-outline--14\"><a class=\"wp-block-button__link has-custom-comprendre-sexisme-color has-text-color has-link-color wp-element-button\" href=\"https:\/\/plateformeviolencesffpe.org\/wp-content\/uploads\/2024\/01\/6-VIOLENTOMETRE.pdf\" target=\"_blank\" rel=\"noreferrer noopener\">Le violentom\u00e8tre<\/a><\/div>\n\n\n\n<div class=\"wp-block-button is-style-outline is-style-outline--15\"><a class=\"wp-block-button__link has-custom-comprendre-sexisme-color has-text-color has-link-color wp-element-button\" href=\"https:\/\/plateformeviolencesffpe.org\/wp-content\/uploads\/2024\/01\/FICHE-REFLEXE-VIOLENCES-CONJUGALES.pdf\" target=\"_blank\" rel=\"noreferrer noopener\">Fiche-r\u00e9flexe sur les violences conjugales \u00e0 destination des professionnel.le.s<\/a><\/div>\n\n\n\n<div class=\"wp-block-button is-style-outline is-style-outline--16\"><a class=\"wp-block-button__link has-custom-comprendre-sexisme-color has-text-color has-link-color wp-element-button\" href=\"https:\/\/plateformeviolencesffpe.org\/wp-content\/uploads\/2024\/01\/15-COMPRENDRE_violences-sexuelles-intrafamiliales_v4_0.pdf\" target=\"_blank\" rel=\"noreferrer noopener\">Guide des violences intrafamiliales pour professionnels<\/a><\/div>\n\n\n\n<div class=\"wp-block-button is-style-outline is-style-outline--17\"><a class=\"wp-block-button__link has-custom-comprendre-sexisme-color has-text-color has-link-color wp-element-button\" href=\"https:\/\/plateformeviolencesffpe.org\/wp-content\/uploads\/2024\/01\/fiche_presentation_kit_tom_et_lena.pdf\" target=\"_blank\" rel=\"noreferrer noopener\">Kit de formation pour rep\u00e9rer les violences sur enfants<\/a><\/div>\n\n\n\n<div class=\"wp-block-button is-style-outline is-style-outline--18\"><a class=\"wp-block-button__link has-custom-comprendre-sexisme-color has-text-color has-link-color wp-element-button\" href=\"https:\/\/plateformeviolencesffpe.org\/wp-content\/uploads\/2024\/01\/3-VIOLENCES-CONJUGALES-REFLEXE-MEDECINS.pdf\" target=\"_blank\" rel=\"noreferrer noopener\">Rep\u00e9rer les femmes victimes de violences au sein du couple<\/a><\/div>\n\n\n\n<div class=\"wp-block-button is-style-outline is-style-outline--19\"><a class=\"wp-block-button__link has-custom-comprendre-sexisme-color has-text-color has-link-color wp-element-button\" href=\"https:\/\/plateformeviolencesffpe.org\/wp-content\/uploads\/2024\/01\/4b-Outil-daide-au-reperage-des-violences-conjugales-Medecins.pdf\" target=\"_blank\" rel=\"noreferrer noopener\">Outil d\u2019aide au repe\u0301rage des violences conjugales \u00e0 destination des me\u0301decins<\/a><\/div>\n\n\n\n<div class=\"wp-block-button is-style-outline is-style-outline--20\"><a class=\"wp-block-button__link has-custom-comprendre-sexisme-color has-text-color has-link-color wp-element-button\" href=\"https:\/\/plateformeviolencesffpe.org\/wp-content\/uploads\/2024\/01\/1-d-FICHE-Posture-face-a-une-victime-de-Violences-SEXUELLES.pdf\" target=\"_blank\" rel=\"noreferrer noopener\">Fiche d&rsquo;aide aux victimes de violences sexuelles<\/a><\/div>\n\n\n\n<div class=\"wp-block-button is-style-outline is-style-outline--21\"><a class=\"wp-block-button__link has-custom-comprendre-sexisme-color has-text-color has-link-color wp-element-button\" href=\"https:\/\/plateformeviolencesffpe.org\/wp-content\/uploads\/2024\/01\/13-plaquette_comp.sexuels-problematiques-.pdf\" target=\"_blank\" rel=\"noreferrer noopener\">Comportements sexuels proble\u0301matiques chez l&rsquo;enfant<\/a><\/div>\n\n\n\n<div class=\"wp-block-button is-style-outline is-style-outline--22\"><a class=\"wp-block-button__link has-custom-comprendre-sexisme-color has-text-color has-link-color wp-element-button\" href=\"https:\/\/plateformeviolencesffpe.org\/wp-content\/uploads\/2024\/01\/5-GRILLE-SIGNAUX-HARCELEMENT.pdf\" target=\"_blank\" rel=\"noreferrer noopener\">Grille d\u2019\u00e9valuation du danger face au harc\u00e8lement entre jeunes<\/a><\/div>\n\n\n\n<div class=\"wp-block-button is-style-outline is-style-outline--23\"><a class=\"wp-block-button__link has-custom-comprendre-sexisme-color has-text-color has-link-color wp-element-button\" href=\"https:\/\/plateformeviolencesffpe.org\/wp-content\/uploads\/2024\/12\/CATALOGUE-des-OUTILS-de-PREVENTION-.pdf\" target=\"_blank\" rel=\"noreferrer noopener\">Catalogue des outils de pr\u00e9vention contre les violences et les conflits <\/a><\/div>\n<\/div>\n<\/div>\n\n\n\n<div class=\"wp-block-group has-custom-fond-comprendre-sexisme-background-color has-background is-layout-constrained wp-block-group-is-layout-constrained\" style=\"margin-top:var(--wp--preset--spacing--60);margin-bottom:var(--wp--preset--spacing--60);padding-top:var(--wp--preset--spacing--40);padding-bottom:var(--wp--preset--spacing--40)\">\n<h2 class=\"wp-block-heading has-raft-fg-color has-text-color has-link-color has-medium-font-size wp-elements-3f2a6e71d6869010a2e60b15f9008355\">Webographie<\/h2>\n\n\n\n<div class=\"wp-block-buttons is-vertical is-nowrap is-layout-flex wp-container-core-buttons-is-layout-3655d5c7 wp-block-buttons-is-layout-flex\">\n<div class=\"wp-block-button is-style-outline is-style-outline--24\"><a class=\"wp-block-button__link has-custom-comprendre-sexisme-color has-text-color has-link-color wp-element-button\" href=\"https:\/\/plateformeviolencesffpe.org\/wp-content\/uploads\/2024\/01\/9-RESSOURCES-SEXISME-et-CYBERSEXISME.pdf\" target=\"_blank\" rel=\"noreferrer noopener\">Des sites sur le sexisme et cybersexisme<\/a><\/div>\n\n\n\n<div class=\"wp-block-button is-style-outline is-style-outline--25\"><a class=\"wp-block-button__link has-custom-comprendre-sexisme-color has-text-color has-link-color wp-element-button\" href=\"https:\/\/plateformeviolencesffpe.org\/wp-content\/uploads\/2024\/01\/10-WEBO-RessourcesVSS.pdf\" target=\"_blank\" rel=\"noreferrer noopener\">Des ressources vid\u00e9os sur les violences sexuelles et sexistes<\/a><\/div>\n<\/div>\n<\/div>\n\n\n\n<div class=\"wp-block-group has-custom-fond-comprendre-sexisme-background-color has-background is-layout-constrained wp-block-group-is-layout-constrained\" style=\"margin-top:var(--wp--preset--spacing--60);margin-bottom:var(--wp--preset--spacing--60);padding-top:var(--wp--preset--spacing--40);padding-bottom:var(--wp--preset--spacing--40)\">\n<h2 class=\"wp-block-heading has-raft-fg-color has-text-color has-link-color has-medium-font-size wp-elements-1e56bbe3083784fd90d2e6116c6a360c\">Vid\u00e9os<\/h2>\n\n\n\n<figure style=\"margin-top:var(--wp--preset--spacing--30);margin-bottom:var(--wp--preset--spacing--30)\" class=\"wp-block-video\"><video height=\"720\" style=\"aspect-ratio: 1280 \/ 720;\" width=\"1280\" controls src=\"https:\/\/plateformeviolencesffpe.org\/wp-content\/uploads\/2024\/01\/2-Reperage-et-prise-en-charge-des-enfants-victimes-de-maltraitance.mp4\"><\/video><\/figure>\n<\/div>\n\n\n\n<p class=\"has-text-align-center\" style=\"font-size:20px\"><a href=\"https:\/\/plateformeviolencesffpe.org\/index.php\/le-portail-de-ressources-agir-contre-les-violences\/connaitre-et-comprendre-la-mecanique-des-violences-sexistes-et-sexuelles\/\" data-type=\"page\" data-id=\"167\">Retour<\/a><\/p>\n","protected":false},"excerpt":{"rendered":"<p>Retour Rep\u00e9rer l\u2019\u00e9mergence et les m\u00e9canismes des violences D\u00e9finition Des ressources pour comprendre et agir Comportements sexistes et violences sexuelles au coll\u00e8ge et au lyc\u00e9e Des outils Webographie Vid\u00e9os Retour<\/p>\n","protected":false},"author":1,"featured_media":0,"parent":146,"menu_order":0,"comment_status":"closed","ping_status":"closed","template":"","meta":{"iawp_total_views":16,"footnotes":""},"class_list":["post-925","page","type-page","status-publish","hentry"],"_links":{"self":[{"href":"https:\/\/plateformeviolencesffpe.org\/index.php\/wp-json\/wp\/v2\/pages\/925","targetHints":{"allow":["GET"]}}],"collection":[{"href":"https:\/\/plateformeviolencesffpe.org\/index.php\/wp-json\/wp\/v2\/pages"}],"about":[{"href":"https:\/\/plateformeviolencesffpe.org\/index.php\/wp-json\/wp\/v2\/types\/page"}],"author":[{"embeddable":true,"href":"https:\/\/plateformeviolencesffpe.org\/index.php\/wp-json\/wp\/v2\/users\/1"}],"replies":[{"embeddable":true,"href":"https:\/\/plateformeviolencesffpe.org\/index.php\/wp-json\/wp\/v2\/comments?post=925"}],"version-history":[{"count":111,"href":"https:\/\/plateformeviolencesffpe.org\/index.php\/wp-json\/wp\/v2\/pages\/925\/revisions"}],"predecessor-version":[{"id":3285,"href":"https:\/\/plateformeviolencesffpe.org\/index.php\/wp-json\/wp\/v2\/pages\/925\/revisions\/3285"}],"up":[{"embeddable":true,"href":"https:\/\/plateformeviolencesffpe.org\/index.php\/wp-json\/wp\/v2\/pages\/146"}],"wp:attachment":[{"href":"https:\/\/plateformeviolencesffpe.org\/index.php\/wp-json\/wp\/v2\/media?parent=925"}],"curies":[{"name":"wp","href":"https:\/\/api.w.org\/{rel}","templated":true}]}}