{"id":2865,"date":"2024-07-12T10:56:33","date_gmt":"2024-07-12T08:56:33","guid":{"rendered":"https:\/\/plateformeviolencesffpe.org\/?page_id=2865"},"modified":"2024-12-16T10:56:58","modified_gmt":"2024-12-16T09:56:58","slug":"sante-mentale-2","status":"publish","type":"page","link":"https:\/\/plateformeviolencesffpe.org\/index.php\/le-portail-de-ressources-agir-contre-les-violences\/la-sante-chez-les-jeunes-2\/sante-mentale-2\/","title":{"rendered":"Sant\u00e9 mentale"},"content":{"rendered":"\n<p class=\"has-text-align-center\"><a href=\"https:\/\/plateformeviolencesffpe.org\/index.php\/la-sante-chez-les-jeunes\/\" data-type=\"page\" data-id=\"2818\">Retour<\/a><\/p>\n\n\n\n<h1 class=\"wp-block-heading has-text-align-left has-raft-fg-alt-color has-custom-sant-chez-les-jeunes-background-color has-text-color has-background has-link-color has-x-large-font-size wp-elements-16091e8a6ae3595aa65cbfd520e28c31\" style=\"padding-top:var(--wp--preset--spacing--30);padding-right:var(--wp--preset--spacing--40);padding-bottom:var(--wp--preset--spacing--30);padding-left:var(--wp--preset--spacing--40)\">Sant\u00e9 mentale<\/h1>\n\n\n\n<div class=\"wp-block-group has-custom-fond-sant-chez-les-jeunes-background-color has-background is-layout-constrained wp-block-group-is-layout-constrained\" style=\"margin-top:var(--wp--preset--spacing--60);margin-bottom:var(--wp--preset--spacing--60);padding-top:var(--wp--preset--spacing--40);padding-bottom:var(--wp--preset--spacing--40)\">\n<h2 class=\"wp-block-heading has-raft-fg-color has-text-color has-link-color has-medium-font-size wp-elements-4c571a4ee313f3fe71467aa29d3ed4de\">Sant\u00e9 mentale et jeunes<\/h2>\n\n\n\n<div class=\"wp-block-buttons is-vertical is-nowrap is-layout-flex wp-container-core-buttons-is-layout-3655d5c7 wp-block-buttons-is-layout-flex\">\n<div class=\"wp-block-button is-style-outline is-style-outline--1\"><a class=\"wp-block-button__link has-custom-sant-chez-les-jeunes-color has-text-color has-link-color wp-element-button\" href=\"https:\/\/www.ameli.fr\/haute-garonne\/assure\/sante\/jeunes-16-25-ans\/souffrance-psychique\/troubles-psychiques\" target=\"_blank\" rel=\"noreferrer noopener\">Quels sont les principaux troubles psychiques chez les jeunes ? &#8211; Ameli.fr<\/a><\/div>\n\n\n\n<div class=\"wp-block-button is-style-outline is-style-outline--2\"><a class=\"wp-block-button__link has-custom-sant-chez-les-jeunes-color has-text-color has-link-color wp-element-button\" href=\"https:\/\/www.ameli.fr\/haute-garonne\/assure\/sante\/jeunes-16-25-ans\/souffrance-psychique\" target=\"_blank\" rel=\"noreferrer noopener\">Sant\u00e9 mentale des adolescents et des jeunes adultes &#8211; Ameli.fr<\/a><\/div>\n\n\n\n<div class=\"wp-block-button is-style-outline is-style-outline--3\"><a class=\"wp-block-button__link has-custom-sant-chez-les-jeunes-color has-text-color has-link-color wp-element-button\" href=\"https:\/\/plateformeviolencesffpe.org\/wp-content\/uploads\/2024\/01\/4-SANTE-MENTALE-ET-JEUNES.pdf\" target=\"_blank\" rel=\"noreferrer noopener\">Psycom : \u00ab\u00a0Sant\u00e9 mentale et jeunes\u00a0\u00bb<\/a><\/div>\n\n\n\n<div class=\"wp-block-button is-style-outline is-style-outline--4\"><a class=\"wp-block-button__link has-custom-sant-chez-les-jeunes-color has-text-color has-link-color wp-element-button\" href=\"https:\/\/www.psycom.org\/sorienter\/les-psychotherapeutes\/\" target=\"_blank\" rel=\"noreferrer noopener\">Psycom : \u00ab\u00a0Les psychoth\u00e9rapeutes\u00a0\u00bb<\/a><\/div>\n\n\n\n<div class=\"wp-block-button is-style-outline is-style-outline--5\"><a class=\"wp-block-button__link has-custom-sant-chez-les-jeunes-color has-text-color has-link-color wp-element-button\" href=\"https:\/\/www.psycom.org\/sinformer\/le-retablissement\/les-psychotherapies\/\" target=\"_blank\" rel=\"noreferrer noopener\">Psycom : \u00ab\u00a0Les psychoth\u00e9rapies\u00a0\u00bb<\/a><\/div>\n\n\n\n<div class=\"wp-block-button is-style-outline is-style-outline--6\"><a class=\"wp-block-button__link has-custom-sant-chez-les-jeunes-color has-text-color has-link-color wp-element-button\" href=\"https:\/\/plateformeviolencesffpe.org\/wp-content\/uploads\/2024\/12\/Brochures-sante-psy-jeunes-Mieux-comprendre-la-neuropsychologie_5.10.2023.pdf\" target=\"_blank\" rel=\"noreferrer noopener\">Mieux comprendre la neuropsychologie<\/a><\/div>\n\n\n\n<div class=\"wp-block-button is-style-outline is-style-outline--7\"><a class=\"wp-block-button__link has-custom-sant-chez-les-jeunes-color has-text-color has-link-color wp-element-button\" href=\"https:\/\/plateformeviolencesffpe.org\/wp-content\/uploads\/2024\/12\/Carnet-TROUBLE_ALCOOL2.pdf\" target=\"_blank\" rel=\"noreferrer noopener\">Mieux comprendre le trouble li\u00e9 \u00e0 la consommation d\u2019alcool<\/a><\/div>\n\n\n\n<div class=\"wp-block-button is-style-outline is-style-outline--8\"><a class=\"wp-block-button__link has-custom-sant-chez-les-jeunes-color has-text-color has-link-color wp-element-button\" href=\"https:\/\/plateformeviolencesffpe.org\/wp-content\/uploads\/2023\/11\/Les-PC-psychologiques.pdf\" target=\"_blank\" rel=\"noreferrer noopener\">Formes d&rsquo;accompagnement psychologique<\/a><\/div>\n<\/div>\n<\/div>\n\n\n\n<div class=\"wp-block-group has-custom-fond-sant-chez-les-jeunes-background-color has-background is-layout-constrained wp-block-group-is-layout-constrained\" style=\"margin-top:var(--wp--preset--spacing--60);margin-bottom:var(--wp--preset--spacing--60);padding-top:var(--wp--preset--spacing--40);padding-bottom:var(--wp--preset--spacing--40)\">\n<h2 class=\"wp-block-heading has-raft-fg-color has-text-color has-link-color has-medium-font-size wp-elements-241d2b56f4f9a62792e72bfc1ff1c209\">Les dispositifs d&rsquo;accompagnement et d&rsquo;aide<\/h2>\n\n\n\n<div class=\"wp-block-buttons is-vertical is-nowrap is-layout-flex wp-container-core-buttons-is-layout-3655d5c7 wp-block-buttons-is-layout-flex\">\n<div class=\"wp-block-button is-style-outline is-style-outline--9\"><a class=\"wp-block-button__link has-custom-sant-chez-les-jeunes-color has-text-color has-link-color wp-element-button\" href=\"https:\/\/www.enseignementsup-recherche.gouv.fr\/fr\/le-ministere-s-engage-concretement-pour-la-sante-mentale-des-etudiants-94569\" target=\"_blank\" rel=\"noreferrer noopener\">Les diff\u00e9rents dispositifs d&rsquo;accompagnement psychologique port\u00e9s par l\u2019\u00c9tat<\/a><\/div>\n\n\n\n<div class=\"wp-block-button is-style-outline is-style-outline--10\"><a class=\"wp-block-button__link has-custom-sant-chez-les-jeunes-color has-text-color has-link-color wp-element-button\" href=\"https:\/\/www.santepsyjeunes.fr\/brochures\" target=\"_blank\" rel=\"noreferrer noopener\">Sant\u00e9 mentale des jeunes\u00a0: En parler, rep\u00e9rer, agir t\u00f4t &#8211; santepsyjeunes.fr<\/a><\/div>\n\n\n\n<div class=\"wp-block-button is-style-outline is-style-outline--11\"><a class=\"wp-block-button__link has-custom-sant-chez-les-jeunes-color has-text-color has-link-color wp-element-button\" href=\"https:\/\/www.haute-garonne.fr\/service\/la-maison-departementale-des-adolescents-mda\" target=\"_blank\" rel=\"noreferrer noopener\">Les permanences de la Maison d\u00e9partementale des adolescents (MDA)&nbsp;<\/a><\/div>\n\n\n\n<div class=\"wp-block-button is-style-outline is-style-outline--12\"><a class=\"wp-block-button__link has-custom-sant-chez-les-jeunes-color has-text-color has-link-color wp-element-button\" href=\"https:\/\/plateformeviolencesffpe.org\/wp-content\/uploads\/2024\/11\/6-LIENS-POUR-ACCOMPAGNER-LES-JEUNES.docx.pdf\" target=\"_blank\" rel=\"noreferrer noopener\">Liens de sites accompagnant les jeunes<\/a><\/div>\n\n\n\n<div class=\"wp-block-button is-style-outline is-style-outline--13\"><a class=\"wp-block-button__link has-custom-sant-chez-les-jeunes-color has-text-color has-link-color wp-element-button\" href=\"https:\/\/plateformeviolencesffpe.org\/wp-content\/uploads\/2024\/12\/Le-dispostif-Mon-Soutien-Psy.pdf\" target=\"_blank\" rel=\"noreferrer noopener\">Dispositif \u00ab Mon soutien psy \u00bb<\/a><\/div>\n\n\n\n<div class=\"wp-block-button is-style-outline is-style-outline--14\"><a class=\"wp-block-button__link has-custom-sant-chez-les-jeunes-color has-text-color has-link-color wp-element-button\" href=\"https:\/\/plateformeviolencesffpe.org\/wp-content\/uploads\/2024\/12\/memo-contacts-jeunes-psychologique_num.pdf\" target=\"_blank\" rel=\"noreferrer noopener\">Dispositifs sant\u00e9 psychologique pour les \u00e9tudiants et les jeunes<\/a><\/div>\n\n\n\n<div class=\"wp-block-button is-style-outline is-style-outline--15\"><a class=\"wp-block-button__link has-custom-sant-chez-les-jeunes-color has-text-color has-link-color wp-element-button\" href=\"https:\/\/plateformeviolencesffpe.org\/wp-content\/uploads\/2024\/12\/santepsy_cahier_16-25ans.pdf\" target=\"_blank\" rel=\"noreferrer noopener\">Accompagner les transitions vers l\u2019\u00e2ge adulte : Cahier de r\u00e9f\u00e9rence pour professionnels<\/a><\/div>\n\n\n\n<div class=\"wp-block-button is-style-outline is-style-outline--16\"><a class=\"wp-block-button__link has-custom-sant-chez-les-jeunes-color has-text-color has-link-color wp-element-button\" href=\"https:\/\/www.nightline.fr\/services-decoute-pour-lensemble-des-etudiantes-en-france\" target=\"_blank\" rel=\"noreferrer noopener\">Nightline.fr le site d&rsquo;\u00e9coute et d&rsquo;aide psychologique pour les \u00e9tudiant.e.s<\/a><\/div>\n\n\n\n<div class=\"wp-block-button is-style-outline is-style-outline--17\"><a class=\"wp-block-button__link has-custom-sant-chez-les-jeunes-color has-text-color has-link-color wp-element-button\" href=\"https:\/\/santepsy.etudiant.gouv.fr\/trouver-un-psychologue\" target=\"_blank\" rel=\"noreferrer noopener\">santepsy.etudiant.gouv.fr &#8211; le site qui permet de trouver un psychologue<\/a><\/div>\n<\/div>\n<\/div>\n\n\n\n<div class=\"wp-block-group has-custom-fond-sant-chez-les-jeunes-background-color has-background is-layout-constrained wp-block-group-is-layout-constrained\" style=\"margin-top:var(--wp--preset--spacing--60);margin-bottom:var(--wp--preset--spacing--60);padding-top:var(--wp--preset--spacing--40);padding-bottom:var(--wp--preset--spacing--40)\">\n<h2 class=\"wp-block-heading has-raft-fg-color has-text-color has-link-color has-medium-font-size wp-elements-490ae48d84f061535256b9210d2bf1cc\">Des ressources pour aller plus loin<\/h2>\n\n\n\n<div class=\"wp-block-buttons is-vertical is-nowrap is-layout-flex wp-container-core-buttons-is-layout-3655d5c7 wp-block-buttons-is-layout-flex\">\n<div class=\"wp-block-button is-style-outline is-style-outline--18\"><a class=\"wp-block-button__link has-custom-sant-chez-les-jeunes-color has-text-color has-link-color wp-element-button\" href=\"https:\/\/plateformeviolencesffpe.org\/wp-content\/uploads\/2024\/05\/Enquete-sur-la-sante-des-jeunes-2024-.pdf\" target=\"_blank\" rel=\"noreferrer noopener\">Enqu\u00eate IFOP pour A\u00efda sur la sant\u00e9 des jeunes<\/a><\/div>\n\n\n\n<div class=\"wp-block-button is-style-outline is-style-outline--19\"><a class=\"wp-block-button__link has-custom-sant-chez-les-jeunes-color has-text-color has-link-color wp-element-button\" href=\"https:\/\/plateformeviolencesffpe.org\/wp-content\/uploads\/2024\/01\/2-SOUFFRANCE-PSYCHIQUE-des-ados.pdf\" target=\"_blank\" rel=\"noreferrer noopener\">Rapport sur \u00ab\u00a0la souffrance psychique des adolescents et des jeunes adultes\u00a0\u00bb<\/a><\/div>\n\n\n\n<div class=\"wp-block-button is-style-outline is-style-outline--20\"><a class=\"wp-block-button__link has-custom-sant-chez-les-jeunes-color has-text-color has-link-color wp-element-button\" href=\"https:\/\/www.psycom.org\/\" target=\"_blank\" rel=\"noreferrer noopener\">PSYCHOM : Des ressources pour la sant\u00e9 mentale<\/a><\/div>\n\n\n\n<div class=\"wp-block-button is-style-outline is-style-outline--21\"><a class=\"wp-block-button__link has-custom-sant-chez-les-jeunes-color has-text-color has-link-color wp-element-button\" href=\"https:\/\/plateformeviolencesffpe.org\/wp-content\/uploads\/2023\/11\/DROIT-des-ENFANTS-au-BIEN-ETRE_28.10.21_01access.pdf\" target=\"_blank\" rel=\"noreferrer noopener\">Rapport 2021 sant\u00e9 mentale des enfants : le droit au bien-\u00eatre<\/a><\/div>\n\n\n\n<div class=\"wp-block-button is-style-outline is-style-outline--22\"><a class=\"wp-block-button__link has-custom-sant-chez-les-jeunes-color has-text-color has-link-color wp-element-button\" href=\"https:\/\/plateformeviolencesffpe.org\/wp-content\/uploads\/2024\/11\/5-SUICIDE-2022.pdf\" target=\"_blank\" rel=\"noreferrer noopener\">Mythes ou r\u00e9alit\u00e9 : Guide d&rsquo;information et de pr\u00e9vention du suicide<\/a><\/div>\n<\/div>\n<\/div>\n\n\n\n<p class=\"has-text-align-center\"><a href=\"https:\/\/plateformeviolencesffpe.org\/index.php\/la-sante-chez-les-jeunes\/\" data-type=\"page\" data-id=\"2818\">Retour<\/a><\/p>\n\n\n\n<p><\/p>\n","protected":false},"excerpt":{"rendered":"<p>Retour Sant\u00e9 mentale Sant\u00e9 mentale et jeunes Les dispositifs d&rsquo;accompagnement et d&rsquo;aide Des ressources pour aller plus loin Retour<\/p>\n","protected":false},"author":1,"featured_media":0,"parent":2818,"menu_order":0,"comment_status":"closed","ping_status":"closed","template":"","meta":{"iawp_total_views":23,"footnotes":""},"class_list":["post-2865","page","type-page","status-publish","hentry"],"_links":{"self":[{"href":"https:\/\/plateformeviolencesffpe.org\/index.php\/wp-json\/wp\/v2\/pages\/2865","targetHints":{"allow":["GET"]}}],"collection":[{"href":"https:\/\/plateformeviolencesffpe.org\/index.php\/wp-json\/wp\/v2\/pages"}],"about":[{"href":"https:\/\/plateformeviolencesffpe.org\/index.php\/wp-json\/wp\/v2\/types\/page"}],"author":[{"embeddable":true,"href":"https:\/\/plateformeviolencesffpe.org\/index.php\/wp-json\/wp\/v2\/users\/1"}],"replies":[{"embeddable":true,"href":"https:\/\/plateformeviolencesffpe.org\/index.php\/wp-json\/wp\/v2\/comments?post=2865"}],"version-history":[{"count":37,"href":"https:\/\/plateformeviolencesffpe.org\/index.php\/wp-json\/wp\/v2\/pages\/2865\/revisions"}],"predecessor-version":[{"id":3429,"href":"https:\/\/plateformeviolencesffpe.org\/index.php\/wp-json\/wp\/v2\/pages\/2865\/revisions\/3429"}],"up":[{"embeddable":true,"href":"https:\/\/plateformeviolencesffpe.org\/index.php\/wp-json\/wp\/v2\/pages\/2818"}],"wp:attachment":[{"href":"https:\/\/plateformeviolencesffpe.org\/index.php\/wp-json\/wp\/v2\/media?parent=2865"}],"curies":[{"name":"wp","href":"https:\/\/api.w.org\/{rel}","templated":true}]}}