{"id":278,"date":"2023-11-21T12:13:05","date_gmt":"2023-11-21T11:13:05","guid":{"rendered":"https:\/\/plateformeviolencesffpe.org\/?page_id=278"},"modified":"2024-12-04T10:17:52","modified_gmt":"2024-12-04T09:17:52","slug":"le-genre","status":"publish","type":"page","link":"https:\/\/plateformeviolencesffpe.org\/index.php\/le-portail-de-ressources-agir-contre-les-violences\/connaitre-et-comprendre-la-mecanique-des-violences-sexistes-et-sexuelles\/le-genre\/","title":{"rendered":"Le Genre"},"content":{"rendered":"\n<p class=\"has-text-align-center\" style=\"font-size:20px\"><a href=\"https:\/\/plateformeviolencesffpe.org\/index.php\/comprendre-la-mecanique-sexiste-et-les-inegalites-de-genre\/\" data-type=\"page\" data-id=\"146\"><\/a><a href=\"https:\/\/plateformeviolencesffpe.org\/index.php\/le-portail-de-ressources-agir-contre-les-violences\/connaitre-et-comprendre-la-mecanique-des-violences-sexistes-et-sexuelles\/\" data-type=\"page\" data-id=\"146\">Retour<\/a><\/p>\n\n\n\n<h1 class=\"wp-block-heading has-text-align-left has-raft-fg-alt-color has-custom-comprendre-sexisme-background-color has-text-color has-background has-link-color has-x-large-font-size wp-elements-f7b1f022b1ae187db29f55dea4abf8c9\" style=\"padding-top:var(--wp--preset--spacing--30);padding-right:var(--wp--preset--spacing--40);padding-bottom:var(--wp--preset--spacing--30);padding-left:var(--wp--preset--spacing--40)\">Le Genre<\/h1>\n\n\n\n<p>Aujourd\u2019hui, lorsque l\u2019on parle d\u2019\u00e9galit\u00e9 et que l\u2019on cherche \u00e0 comprendre les m\u00e9canismes des rapports de domination entre les femmes et les hommes, il est indispensable d\u2019int\u00e9grer le concept de genre. Celui-ci permet en effet d\u2019\u00e9tudier la fa\u00e7on dont les soci\u00e9t\u00e9s pensent, organisent, hi\u00e9rarchisent la diff\u00e9renciation des sexes et normalisent les comportements sexuels.<\/p>\n\n\n\n<p><a><\/a>Ce concept, rend possible la distinction entre le biologique (c\u2019est-\u00e0-dire son sexe biologique) et le \u00ab&nbsp;d\u00e9terminisme&nbsp;\u00bb (c\u2019est-\u00e0-dire, de montrer que le sexe est une construction sociale et culturelle collectivement partag\u00e9e, qui varie suivant les \u00e9poques ou l\u2019environnement socioculturel).<\/p>\n\n\n\n<p><a><\/a>L\u2019approche du genre repose donc sur l\u2019analyse des r\u00f4les sociaux, des statuts et des st\u00e9r\u00e9otypes attribu\u00e9s \u00e0 chaque sexe, qui sont int\u00e9rioris\u00e9s et v\u00e9hicul\u00e9s par diff\u00e9rentes institutions&nbsp;: la famille, le milieu social, l\u2019\u00e9cole, la religion, les institutions politiques, les lois, et bien d\u2019autres.<\/p>\n\n\n\n<p><a><\/a>Les \u00e9tudes sur les rapports sociaux de genre aboutissent au constat que les relations femmes hommes ne sont pas \u00e9gales&nbsp;: il ressort une domination et une valorisation du masculin, et par cons\u00e9quences, des comportements d\u00e9favorables aux femmes et une disqualification usuelle.<\/p>\n\n\n\n<p>Ce concept est essentiel car, depuis sa cons\u00e9cration dans les ann\u00e9es 1980, (La sociologue fran\u00e7aise<a href=\"https:\/\/fr.wikipedia.org\/wiki\/Christine_Delphy\"> <\/a><a href=\"https:\/\/fr.wikipedia.org\/wiki\/Christine_Delphy\">Christine Delphy<\/a> qui utilise le terme \u00ab genre \u00bb depuis 1977 a contribu\u00e9 \u00e0 d\u00e9finir le concept \u00e0 partir du terme <em>gender<\/em>) il d\u00e9bouche concr\u00e8tement sur la mise en \u0153uvre de politiques et d\u2019actions visant \u00e0 favoriser l\u2019\u00e9galit\u00e9 femmes-hommes.<\/p>\n\n\n\n<div class=\"wp-block-group has-custom-fond-comprendre-sexisme-background-color has-background is-layout-constrained wp-block-group-is-layout-constrained\" style=\"margin-top:var(--wp--preset--spacing--60);margin-bottom:var(--wp--preset--spacing--60);padding-top:var(--wp--preset--spacing--40);padding-bottom:var(--wp--preset--spacing--40)\">\n<h2 class=\"wp-block-heading has-raft-fg-color has-text-color has-link-color has-medium-font-size wp-elements-3288eefb2600f460b3057fb6a0ff41b7\">D\u00e9finitions<\/h2>\n\n\n\n<div class=\"wp-block-buttons is-vertical is-nowrap is-layout-flex wp-container-core-buttons-is-layout-3655d5c7 wp-block-buttons-is-layout-flex\">\n<div class=\"wp-block-button is-style-outline is-style-outline--1\"><a class=\"wp-block-button__link has-custom-comprendre-sexisme-color has-text-color has-link-color wp-element-button\" href=\"https:\/\/plateformeviolencesffpe.org\/wp-content\/uploads\/2024\/01\/1-a-Sexe-et-genre.pdf\" target=\"_blank\" rel=\"noreferrer noopener\">Sexe et Genre<\/a><\/div>\n\n\n\n<div class=\"wp-block-button is-style-outline is-style-outline--2\"><a class=\"wp-block-button__link has-custom-comprendre-sexisme-color has-text-color has-link-color wp-element-button\" href=\"https:\/\/plateformeviolencesffpe.org\/wp-content\/uploads\/2023\/11\/Dysphorie-de-genre-Troubles-psychiatriques-Edition-professionnelle-du-Manuel-MSD.pdf\" target=\"_blank\" rel=\"noreferrer noopener\">Manuel MSD sur la Dysphorie de genre<\/a><\/div>\n\n\n\n<div class=\"wp-block-button is-style-outline is-style-outline--3\"><a class=\"wp-block-button__link has-custom-comprendre-sexisme-color has-text-color has-link-color wp-element-button\" href=\"https:\/\/plateformeviolencesffpe.org\/wp-content\/uploads\/2024\/01\/1b-Le-sexisme.pdf\" target=\"_blank\" rel=\"noreferrer noopener\">Le sexisme<\/a><\/div>\n\n\n\n<div class=\"wp-block-button is-style-outline is-style-outline--4\"><a class=\"wp-block-button__link has-custom-comprendre-sexisme-color has-text-color has-link-color wp-element-button\" href=\"https:\/\/plateformeviolencesffpe.org\/wp-content\/uploads\/2024\/01\/5-Sexisme-parlons-en.pdf\" target=\"_blank\" rel=\"noreferrer noopener\">Le Sexisme, parlons en !<\/a><\/div>\n\n\n\n<div class=\"wp-block-button is-style-outline is-style-outline--5\"><a class=\"wp-block-button__link has-custom-comprendre-sexisme-color has-text-color has-link-color wp-element-button\" href=\"https:\/\/plateformeviolencesffpe.org\/wp-content\/uploads\/2024\/01\/1c.-SEXISME-et-violences-sexistes-et-sexuelles.pdf\" target=\"_blank\" rel=\"noreferrer noopener\">Les violences sexistes et sexuelles<\/a><\/div>\n\n\n\n<div class=\"wp-block-button is-style-outline is-style-outline--6\"><a class=\"wp-block-button__link has-custom-comprendre-sexisme-color has-text-color has-link-color wp-element-button\" href=\"https:\/\/www.questionsexualite.fr\/lutter-contre-les-violences-et-discriminations\/la-violence-dans-la-societe\/que-sont-les-lgbtphobies#section-6\" target=\"_blank\" rel=\"noreferrer noopener\">Que sont les \u00ab\u00a0LGBTphobies \u00bb ?<\/a><\/div>\n<\/div>\n<\/div>\n\n\n\n<div class=\"wp-block-group has-custom-fond-comprendre-sexisme-background-color has-background is-layout-constrained wp-block-group-is-layout-constrained\" style=\"margin-top:var(--wp--preset--spacing--60);margin-bottom:var(--wp--preset--spacing--60);padding-top:var(--wp--preset--spacing--40);padding-bottom:var(--wp--preset--spacing--40)\">\n<h2 class=\"wp-block-heading has-raft-fg-color has-text-color has-link-color has-medium-font-size wp-elements-490ae48d84f061535256b9210d2bf1cc\">Des ressources pour aller plus loin<\/h2>\n\n\n\n<div class=\"wp-block-buttons is-vertical is-nowrap is-layout-flex wp-container-core-buttons-is-layout-3655d5c7 wp-block-buttons-is-layout-flex\">\n<div class=\"wp-block-button is-style-outline is-style-outline--7\"><a class=\"wp-block-button__link has-custom-comprendre-sexisme-color has-text-color has-link-color wp-element-button\" href=\"https:\/\/plateformeviolencesffpe.org\/wp-content\/uploads\/2024\/01\/1d-Rapport_annuel_2023_-1.pdf\" target=\"_blank\" rel=\"noreferrer noopener\">Rapport annuel 2023 du HCE sur l&rsquo;\u00e9tat des lieux du sexisme en France<\/a><\/div>\n\n\n\n<div class=\"wp-block-button is-style-outline is-style-outline--8\"><a class=\"wp-block-button__link has-custom-comprendre-sexisme-color has-text-color has-link-color wp-element-button\" href=\"https:\/\/plateformeviolencesffpe.org\/wp-content\/uploads\/2023\/11\/LES-STEREOTYPES.pdf\" target=\"_blank\" rel=\"noreferrer noopener\">Lutter contre les st\u00e9r\u00e9otypes pour construire une culture de l\u2019\u00e9galit\u00e9<\/a><\/div>\n\n\n\n<div class=\"wp-block-button is-style-outline is-style-outline--9\"><a class=\"wp-block-button__link has-custom-comprendre-sexisme-color has-text-color has-link-color wp-element-button\" href=\"https:\/\/plateformeviolencesffpe.org\/wp-content\/uploads\/2023\/11\/ABORDER-avec-les-JEUNES-les-VIOLENCES-de-GENRE_fr.pdf\" target=\"_blank\" rel=\"noreferrer noopener\">Aborder avec les jeunes la question de la violence fond\u00e9e sur le genre<\/a><\/div>\n\n\n\n<div class=\"wp-block-button is-style-outline is-style-outline--10\"><a class=\"wp-block-button__link has-custom-comprendre-sexisme-color has-text-color has-link-color wp-element-button\" href=\"https:\/\/plateformeviolencesffpe.org\/wp-content\/uploads\/2023\/11\/RECONNAITRE-LA-DIFFERENCE-POUR-FAIRE-EGALITE.pdf\" target=\"_blank\" rel=\"noreferrer noopener\">Le genre \u00e0 l&rsquo;\u00e9cole maternelle<\/a><\/div>\n\n\n\n<div class=\"wp-block-button is-style-outline is-style-outline--11\"><a class=\"wp-block-button__link has-custom-comprendre-sexisme-color has-text-color has-link-color wp-element-button\" href=\"https:\/\/plateformeviolencesffpe.org\/wp-content\/uploads\/2024\/11\/Pour-prevenir-le-sexisme-a-lecole-OUTILS-LIENS.pdf\" target=\"_blank\" rel=\"noreferrer noopener\">Pr\u00e9venir le sexisme \u00e0 l&rsquo;\u00e9cole<\/a><\/div>\n\n\n\n<div class=\"wp-block-button is-style-outline is-style-outline--12\"><a class=\"wp-block-button__link has-custom-comprendre-sexisme-color has-text-color has-link-color wp-element-button\" href=\"https:\/\/plateformeviolencesffpe.org\/wp-content\/uploads\/2024\/11\/STEREOTYPES-_-100-films-pour-lutter_.pdf\" target=\"_blank\" rel=\"noreferrer noopener\">100 films pour lutter contre les st\u00e9r\u00e9otypes de genre &#8211; 1<sup>\u00e8re<\/sup> \u00e9dition<\/a><\/div>\n\n\n\n<div class=\"wp-block-button is-style-outline is-style-outline--13\"><a class=\"wp-block-button__link has-custom-comprendre-sexisme-color has-text-color has-link-color wp-element-button\" href=\"https:\/\/plateformeviolencesffpe.org\/wp-content\/uploads\/2024\/11\/STEREOTYPES-100-films-a-voir_.pdf\" target=\"_blank\" rel=\"noreferrer noopener\">100 films pour lutter contre les st\u00e9r\u00e9otypes de genre &#8211; 2<sup>e<\/sup> \u00e9dition<\/a><\/div>\n<\/div>\n<\/div>\n\n\n\n<div class=\"wp-block-group has-custom-fond-comprendre-sexisme-background-color has-background is-layout-constrained wp-block-group-is-layout-constrained\" style=\"margin-top:var(--wp--preset--spacing--60);margin-bottom:var(--wp--preset--spacing--60);padding-top:var(--wp--preset--spacing--40);padding-bottom:var(--wp--preset--spacing--40)\">\n<h2 class=\"wp-block-heading has-raft-fg-color has-text-color has-link-color has-medium-font-size wp-elements-b99f6cfd77946c85a93f665969904de9\">Statistiques<\/h2>\n\n\n\n<div class=\"wp-block-buttons is-vertical is-nowrap is-layout-flex wp-container-core-buttons-is-layout-3655d5c7 wp-block-buttons-is-layout-flex\">\n<div class=\"wp-block-button is-style-outline is-style-outline--14\"><a class=\"wp-block-button__link has-custom-comprendre-sexisme-color has-text-color has-link-color wp-element-button\" href=\"https:\/\/plateformeviolencesffpe.org\/wp-content\/uploads\/2023\/11\/STEREOTYPES-de-GENRE.pdf\" target=\"_blank\" rel=\"noreferrer noopener\">Les chiffres de l&rsquo;INSEE sur les st\u00e9r\u00e9otypes<\/a><\/div>\n<\/div>\n<\/div>\n\n\n\n<div class=\"wp-block-group has-custom-fond-comprendre-sexisme-background-color has-background is-layout-constrained wp-block-group-is-layout-constrained\" style=\"margin-top:var(--wp--preset--spacing--60);margin-bottom:var(--wp--preset--spacing--60);padding-top:var(--wp--preset--spacing--40);padding-bottom:var(--wp--preset--spacing--40)\">\n<h2 class=\"wp-block-heading has-raft-fg-color has-text-color has-link-color has-medium-font-size wp-elements-9f12bd7003b0a24e4112c534bd57e51c\">Des outils<\/h2>\n\n\n\n<div class=\"wp-block-buttons is-vertical is-nowrap is-layout-flex wp-container-core-buttons-is-layout-3655d5c7 wp-block-buttons-is-layout-flex\">\n<div class=\"wp-block-button is-style-outline is-style-outline--15\"><a class=\"wp-block-button__link has-custom-comprendre-sexisme-color has-text-color has-link-color wp-element-button\" href=\"https:\/\/plateformeviolencesffpe.org\/wp-content\/uploads\/2024\/01\/6-Guide-pratique-contre-les-phobies-LGBT.pdf\" target=\"_blank\" rel=\"noreferrer noopener\">Guide pratique pour lutter contre les phobies LGBT<\/a><\/div>\n\n\n\n<div class=\"wp-block-button is-style-outline is-style-outline--16\"><a class=\"wp-block-button__link has-custom-comprendre-sexisme-color has-text-color has-link-color wp-element-button\" href=\"https:\/\/plateformeviolencesffpe.org\/wp-content\/uploads\/2024\/01\/7-LUTTER-CONTRE-LGBT-PHOBIES.pdf\" target=\"_blank\" rel=\"noreferrer noopener\">Kit cartable pour lutter contre les phobies LGBT au coll\u00e8ge et au lyc\u00e9e <\/a><\/div>\n<\/div>\n<\/div>\n\n\n\n<div class=\"wp-block-group has-custom-fond-comprendre-sexisme-background-color has-background is-layout-constrained wp-block-group-is-layout-constrained\" style=\"margin-top:var(--wp--preset--spacing--60);margin-bottom:var(--wp--preset--spacing--60);padding-top:var(--wp--preset--spacing--40);padding-bottom:var(--wp--preset--spacing--40)\">\n<h2 class=\"wp-block-heading has-raft-fg-color has-text-color has-link-color has-medium-font-size wp-elements-943c52b1c4493f075369ca74ef7b43aa\">Bibliographie<\/h2>\n\n\n\n<div class=\"wp-block-buttons is-vertical is-nowrap is-layout-flex wp-container-core-buttons-is-layout-3655d5c7 wp-block-buttons-is-layout-flex\">\n<div class=\"wp-block-button is-style-outline is-style-outline--17\"><a class=\"wp-block-button__link has-custom-comprendre-sexisme-color has-text-color has-link-color wp-element-button\" href=\"https:\/\/plateformeviolencesffpe.org\/wp-content\/uploads\/2024\/11\/litterature-jeunesse-antisexiste-biblio.pdf\" target=\"_blank\" rel=\"noreferrer noopener\">Pour une litt\u00e9rature jeunesse antisexiste &#8211; s\u00e9lection de livres par la Ville de Paris<\/a><\/div>\n\n\n\n<div class=\"wp-block-button is-style-outline is-style-outline--18\"><a class=\"wp-block-button__link has-custom-comprendre-sexisme-color has-text-color has-link-color wp-element-button\" href=\"https:\/\/plateformeviolencesffpe.org\/wp-content\/uploads\/2024\/11\/LMAM_supplement_antisexisme.pdf\" target=\"_blank\" rel=\"noreferrer noopener\">Litt\u00e9rature jeunesse antisexiste &#8211; le suppl\u00e9ment th\u00e9matique de \u00ab\u00a0La mare aux mots\u00a0\u00bb<\/a><\/div>\n<\/div>\n<\/div>\n\n\n\n<p class=\"has-text-align-center\" style=\"font-size:20px\"><a href=\"https:\/\/plateformeviolencesffpe.org\/index.php\/comprendre-la-mecanique-sexiste-et-les-inegalites-de-genre\/\" data-type=\"page\" data-id=\"146\"><\/a><a href=\"https:\/\/plateformeviolencesffpe.org\/index.php\/le-portail-de-ressources-agir-contre-les-violences\/connaitre-et-comprendre-la-mecanique-des-violences-sexistes-et-sexuelles\/\" data-type=\"page\" data-id=\"146\">Retour<\/a><\/p>\n\n\n\n<p><\/p>\n","protected":false},"excerpt":{"rendered":"<p>Retour Le Genre Aujourd\u2019hui, lorsque l\u2019on parle d\u2019\u00e9galit\u00e9 et que l\u2019on cherche \u00e0 comprendre les m\u00e9canismes des rapports de domination entre les femmes et les hommes, il est indispensable d\u2019int\u00e9grer le concept de genre. Celui-ci permet en effet d\u2019\u00e9tudier la fa\u00e7on dont les soci\u00e9t\u00e9s pensent, organisent, hi\u00e9rarchisent la diff\u00e9renciation des sexes et normalisent les comportements [&hellip;]<\/p>\n","protected":false},"author":1,"featured_media":0,"parent":146,"menu_order":0,"comment_status":"closed","ping_status":"closed","template":"","meta":{"iawp_total_views":15,"footnotes":""},"class_list":["post-278","page","type-page","status-publish","hentry"],"_links":{"self":[{"href":"https:\/\/plateformeviolencesffpe.org\/index.php\/wp-json\/wp\/v2\/pages\/278","targetHints":{"allow":["GET"]}}],"collection":[{"href":"https:\/\/plateformeviolencesffpe.org\/index.php\/wp-json\/wp\/v2\/pages"}],"about":[{"href":"https:\/\/plateformeviolencesffpe.org\/index.php\/wp-json\/wp\/v2\/types\/page"}],"author":[{"embeddable":true,"href":"https:\/\/plateformeviolencesffpe.org\/index.php\/wp-json\/wp\/v2\/users\/1"}],"replies":[{"embeddable":true,"href":"https:\/\/plateformeviolencesffpe.org\/index.php\/wp-json\/wp\/v2\/comments?post=278"}],"version-history":[{"count":72,"href":"https:\/\/plateformeviolencesffpe.org\/index.php\/wp-json\/wp\/v2\/pages\/278\/revisions"}],"predecessor-version":[{"id":3290,"href":"https:\/\/plateformeviolencesffpe.org\/index.php\/wp-json\/wp\/v2\/pages\/278\/revisions\/3290"}],"up":[{"embeddable":true,"href":"https:\/\/plateformeviolencesffpe.org\/index.php\/wp-json\/wp\/v2\/pages\/146"}],"wp:attachment":[{"href":"https:\/\/plateformeviolencesffpe.org\/index.php\/wp-json\/wp\/v2\/media?parent=278"}],"curies":[{"name":"wp","href":"https:\/\/api.w.org\/{rel}","templated":true}]}}