{"id":245,"date":"2023-11-21T11:28:41","date_gmt":"2023-11-21T10:28:41","guid":{"rendered":"https:\/\/plateformeviolencesffpe.org\/?page_id=245"},"modified":"2024-12-06T09:39:42","modified_gmt":"2024-12-06T08:39:42","slug":"legalite-femme-homme","status":"publish","type":"page","link":"https:\/\/plateformeviolencesffpe.org\/index.php\/le-portail-de-ressources-agir-contre-les-violences\/connaitre-et-comprendre-la-mecanique-des-violences-sexistes-et-sexuelles\/legalite-femme-homme\/","title":{"rendered":"L&rsquo;\u00e9galit\u00e9 Femme &#8211; Homme"},"content":{"rendered":"\n<p class=\"has-text-align-center\" style=\"font-size:20px\"><a href=\"https:\/\/plateformeviolencesffpe.org\/index.php\/le-portail-de-ressources-agir-contre-les-violences\/connaitre-et-comprendre-la-mecanique-des-violences-sexistes-et-sexuelles\/\" data-type=\"page\" data-id=\"146\">Retour<\/a><\/p>\n\n\n\n<h1 class=\"wp-block-heading has-text-align-left has-raft-fg-alt-color has-custom-comprendre-sexisme-background-color has-text-color has-background has-link-color has-x-large-font-size wp-elements-5c50a1d5ad859d3deb444e50a6861d12\" style=\"padding-top:var(--wp--preset--spacing--30);padding-right:var(--wp--preset--spacing--40);padding-bottom:var(--wp--preset--spacing--30);padding-left:var(--wp--preset--spacing--40)\">L&rsquo;\u00e9galit\u00e9 Femme &#8211; Homme<\/h1>\n\n\n\n<p>L\u2019\u00e9galit\u00e9 entre les femmes et les hommes, c\u2019est pouvoir choisir librement ses loisirs, ses \u00e9tudes et ses m\u00e9tiers, en respectant sa personnalit\u00e9 et ses d\u00e9sirs. Dans ce contexte, les femmes doivent b\u00e9n\u00e9ficier des m\u00eames opportunit\u00e9s que les hommes pour parvenir \u00e0 une \u00e9galit\u00e9 de situation et de traitement dans les domaines de la vie professionnelle et de la vie citoyenne. Le sexe, mais aussi la religion, la couleur de peau ou l\u2019origine ne doivent en aucun cas constituer un frein au statut social de l\u2019individu et \u00e0 son \u00e9panouissement.<\/p>\n\n\n\n<p>L\u2019\u00e9galit\u00e9 est un principe fondateur, selon lequel tous les \u00eatres humains doivent recevoir et b\u00e9n\u00e9ficier d\u2019un traitement similaire et disposer des m\u00eames droits et libert\u00e9s malgr\u00e9 leurs diff\u00e9rences (sexe, genre, orientation sexuelles, religion\u2026). En France, l\u2019\u00e9galit\u00e9 femme-homme est un droit constitutionnel. Il est inscrit dans le pr\u00e9ambule de la Constitution de la IV<sup>e<\/sup> R\u00e9publique depuis 1946, et pr\u00e9voit que \u00ab la loi garantit \u00e0 la femme, dans tous les domaines, des droits \u00e9gaux \u00e0 ceux de l\u2019homme \u00bb.<\/p>\n\n\n\n<div class=\"wp-block-group has-custom-fond-comprendre-sexisme-background-color has-background is-layout-constrained wp-block-group-is-layout-constrained\" style=\"margin-top:var(--wp--preset--spacing--60);margin-bottom:var(--wp--preset--spacing--60);padding-top:var(--wp--preset--spacing--40);padding-bottom:var(--wp--preset--spacing--40)\">\n<h2 class=\"wp-block-heading has-raft-fg-color has-text-color has-link-color has-medium-font-size wp-elements-4c90b38dc736779ca99810ddc550c5a5\">D\u00e9velopper sa connaissance<\/h2>\n\n\n\n<div class=\"wp-block-buttons is-vertical is-nowrap is-layout-flex wp-container-core-buttons-is-layout-3655d5c7 wp-block-buttons-is-layout-flex\">\n<div class=\"wp-block-button is-style-outline is-style-outline--1\"><a class=\"wp-block-button__link has-custom-comprendre-sexisme-color has-text-color has-link-color wp-element-button\" href=\"https:\/\/plateformeviolencesffpe.org\/wp-content\/uploads\/2024\/01\/2-Un-Plan_interministeriel_pour_legalite_entre_les_femmes_et_les_hommes_2023-2027_2.pdf\" target=\"_blank\" rel=\"noreferrer noopener\">Plan interminist\u00e9riel 2023-2027 pour l\u2019\u00e9galit\u00e9 entre les femmes et les hommes <\/a><\/div>\n\n\n\n<div class=\"wp-block-button is-style-outline is-style-outline--2\"><a class=\"wp-block-button__link has-custom-comprendre-sexisme-color has-text-color has-link-color wp-element-button\" href=\"https:\/\/plateformeviolencesffpe.org\/wp-content\/uploads\/2024\/01\/6-Une-REPRESENTATION-DEFORMEE-dans-les-MANUELS-D_ENSEIGNEMENT-MORAL-et-CIVIQUE.pdf\" target=\"_blank\" rel=\"noreferrer noopener\">Quelle place pour l\u2019\u00e9galit\u00e9 F-H dans les manuels d\u2019enseignement moral et civique ?<\/a><\/div>\n\n\n\n<div class=\"wp-block-button is-style-outline is-style-outline--3\"><a class=\"wp-block-button__link has-custom-comprendre-sexisme-color has-text-color has-link-color wp-element-button\" href=\"https:\/\/plateformeviolencesffpe.org\/wp-content\/uploads\/2024\/01\/4-Maternelle-Reconnaitre-la-difference-pour-faire-l_egalite.pdf\" target=\"_blank\" rel=\"noreferrer noopener\">Maternelle, reconnai\u0302tre la diffe\u0301rence pour faire l&rsquo;e\u0301galite\u0301<\/a><\/div>\n\n\n\n<div class=\"wp-block-button is-style-outline is-style-outline--4\"><a class=\"wp-block-button__link has-custom-comprendre-sexisme-color has-text-color has-link-color wp-element-button\" href=\"https:\/\/plateformeviolencesffpe.org\/wp-content\/uploads\/2023\/11\/REPRESENTATION-SEXUEE-DANS-MANUELS-DE-LECTURE-CP.pdf\" target=\"_blank\" rel=\"noreferrer noopener\">\u00c9tude des repr\u00e9sentations sexu\u00e9es et sexistes dans les manuels de lecture du CP<\/a><\/div>\n\n\n\n<div class=\"wp-block-button is-style-outline is-style-outline--5\"><a class=\"wp-block-button__link has-custom-comprendre-sexisme-color has-text-color has-link-color wp-element-button\" href=\"https:\/\/valeurs-de-la-republique.reseau-canope.fr\/theme\/outils-egalite-filles-garcons\/selection\" target=\"_blank\" rel=\"noreferrer noopener\">Outils pour l&rsquo;\u00e9galit\u00e9 entre filles et gar\u00e7ons<\/a><\/div>\n<\/div>\n<\/div>\n\n\n\n<div class=\"wp-block-group has-custom-fond-comprendre-sexisme-background-color has-background is-layout-constrained wp-block-group-is-layout-constrained\" style=\"margin-top:var(--wp--preset--spacing--60);margin-bottom:var(--wp--preset--spacing--60);padding-top:var(--wp--preset--spacing--40);padding-bottom:var(--wp--preset--spacing--40)\">\n<h2 class=\"wp-block-heading has-raft-fg-color has-text-color has-link-color has-medium-font-size wp-elements-9f12bd7003b0a24e4112c534bd57e51c\">Des outils<\/h2>\n\n\n\n<div class=\"wp-block-buttons is-vertical is-nowrap is-layout-flex wp-container-core-buttons-is-layout-3655d5c7 wp-block-buttons-is-layout-flex\">\n<div class=\"wp-block-button is-style-outline is-style-outline--6\"><a class=\"wp-block-button__link has-custom-comprendre-sexisme-color has-text-color has-link-color wp-element-button\" href=\"https:\/\/plateformeviolencesffpe.org\/wp-content\/uploads\/2024\/12\/CATALOGUE-egalite-filles-garcons.pdf\" target=\"_blank\" rel=\"noreferrer noopener\">Catalogue de ressources pour l\u2019\u00e9galit\u00e9 entre les filles et les gar\u00e7ons<\/a><\/div>\n\n\n\n<div class=\"wp-block-button is-style-outline is-style-outline--7\"><a class=\"wp-block-button__link has-custom-comprendre-sexisme-color has-text-color has-link-color wp-element-button\" href=\"https:\/\/plateformeviolencesffpe.org\/wp-content\/uploads\/2023\/11\/Agir-pour-l_egalite-entre-les-filles-et-garcons.pdf\" target=\"_blank\" rel=\"noreferrer noopener\">Guide \u00ab\u00a0Agir pour l&rsquo;e\u0301galite\u0301 entre les filles et garc\u0327ons\u00a0\u00bb<\/a><\/div>\n\n\n\n<div class=\"wp-block-button is-style-outline is-style-outline--8\"><a class=\"wp-block-button__link has-custom-comprendre-sexisme-color has-text-color has-link-color wp-element-button\" href=\"https:\/\/plateformeviolencesffpe.org\/wp-content\/uploads\/2024\/11\/Legalite-en-bulle.pdf\" target=\"_blank\" rel=\"noreferrer noopener\">Outil p\u00e9dagogique \u00ab\u00a0l\u2019\u00c9galit\u00e9 en bulles\u00a0\u00bb<\/a><\/div>\n\n\n\n<div class=\"wp-block-button is-style-outline is-style-outline--9\"><a class=\"wp-block-button__link has-custom-comprendre-sexisme-color has-text-color has-link-color wp-element-button\" href=\"https:\/\/plateformeviolencesffpe.org\/wp-content\/uploads\/2023\/11\/quiz-pour-l_EGALITE-complet-2023-3.pdf\" target=\"_blank\" rel=\"noreferrer noopener\">Quiz pour l&rsquo;\u00e9galit\u00e9<\/a><\/div>\n\n\n\n<div class=\"wp-block-button is-style-outline is-style-outline--10\"><a class=\"wp-block-button__link has-custom-comprendre-sexisme-color has-text-color has-link-color wp-element-button\" href=\"https:\/\/plateformeviolencesffpe.org\/index.php\/le-portail-de-ressources-agir-contre-les-violences\/connaitre-et-comprendre-la-mecanique-des-violences-sexistes-et-sexuelles\/videos-egalite-et-stereotypes\/\" target=\"_blank\" rel=\"noreferrer noopener\">Des vid\u00e9os sur l&rsquo;\u00e9galit\u00e9 et les st\u00e9r\u00e9otypes<\/a><\/div>\n\n\n\n<div class=\"wp-block-button is-style-outline is-style-outline--11\"><a class=\"wp-block-button__link has-custom-comprendre-sexisme-color has-text-color has-link-color wp-element-button\" href=\"https:\/\/plateformeviolencesffpe.org\/wp-content\/uploads\/2024\/11\/presentation_boite_a_outils_-_observatoire_des_inegalites.pdf\" target=\"_blank\" rel=\"noreferrer noopener\">Boite \u00e0 outils p\u00e9dagogique sur les in\u00e9galit\u00e9s &#8211; Monopoly des in\u00e9galit\u00e9s<\/a><\/div>\n\n\n\n<div class=\"wp-block-button is-style-outline is-style-outline--12\"><a class=\"wp-block-button__link has-custom-comprendre-sexisme-color has-text-color has-link-color wp-element-button\" href=\"https:\/\/plateformeviolencesffpe.org\/wp-content\/uploads\/2024\/12\/outils-ressources-SEXUALITE.pdf\" target=\"_blank\" rel=\"noreferrer noopener\">Inventaire des outils ressources sur l&rsquo;\u00e9galit\u00e9 et disponibles en pr\u00eat<\/a><\/div>\n<\/div>\n<\/div>\n\n\n\n<p class=\"has-text-align-center\" style=\"font-size:20px\"><a href=\"https:\/\/plateformeviolencesffpe.org\/index.php\/comprendre-la-mecanique-sexiste-et-les-inegalites-de-genre\/\" data-type=\"page\" data-id=\"146\"><\/a><a href=\"https:\/\/plateformeviolencesffpe.org\/index.php\/le-portail-de-ressources-agir-contre-les-violences\/connaitre-et-comprendre-la-mecanique-des-violences-sexistes-et-sexuelles\/\" data-type=\"page\" data-id=\"146\">Retour<\/a><\/p>\n\n\n\n<p><\/p>\n","protected":false},"excerpt":{"rendered":"<p>Retour L&rsquo;\u00e9galit\u00e9 Femme &#8211; Homme L\u2019\u00e9galit\u00e9 entre les femmes et les hommes, c\u2019est pouvoir choisir librement ses loisirs, ses \u00e9tudes et ses m\u00e9tiers, en respectant sa personnalit\u00e9 et ses d\u00e9sirs. Dans ce contexte, les femmes doivent b\u00e9n\u00e9ficier des m\u00eames opportunit\u00e9s que les hommes pour parvenir \u00e0 une \u00e9galit\u00e9 de situation et de traitement dans les [&hellip;]<\/p>\n","protected":false},"author":1,"featured_media":0,"parent":146,"menu_order":0,"comment_status":"closed","ping_status":"closed","template":"","meta":{"iawp_total_views":22,"footnotes":""},"class_list":["post-245","page","type-page","status-publish","hentry"],"_links":{"self":[{"href":"https:\/\/plateformeviolencesffpe.org\/index.php\/wp-json\/wp\/v2\/pages\/245","targetHints":{"allow":["GET"]}}],"collection":[{"href":"https:\/\/plateformeviolencesffpe.org\/index.php\/wp-json\/wp\/v2\/pages"}],"about":[{"href":"https:\/\/plateformeviolencesffpe.org\/index.php\/wp-json\/wp\/v2\/types\/page"}],"author":[{"embeddable":true,"href":"https:\/\/plateformeviolencesffpe.org\/index.php\/wp-json\/wp\/v2\/users\/1"}],"replies":[{"embeddable":true,"href":"https:\/\/plateformeviolencesffpe.org\/index.php\/wp-json\/wp\/v2\/comments?post=245"}],"version-history":[{"count":48,"href":"https:\/\/plateformeviolencesffpe.org\/index.php\/wp-json\/wp\/v2\/pages\/245\/revisions"}],"predecessor-version":[{"id":3349,"href":"https:\/\/plateformeviolencesffpe.org\/index.php\/wp-json\/wp\/v2\/pages\/245\/revisions\/3349"}],"up":[{"embeddable":true,"href":"https:\/\/plateformeviolencesffpe.org\/index.php\/wp-json\/wp\/v2\/pages\/146"}],"wp:attachment":[{"href":"https:\/\/plateformeviolencesffpe.org\/index.php\/wp-json\/wp\/v2\/media?parent=245"}],"curies":[{"name":"wp","href":"https:\/\/api.w.org\/{rel}","templated":true}]}}