{"id":146,"date":"2023-11-14T11:25:24","date_gmt":"2023-11-14T10:25:24","guid":{"rendered":"https:\/\/plateformeviolencesffpe.org\/?page_id=146"},"modified":"2024-12-04T10:08:13","modified_gmt":"2024-12-04T09:08:13","slug":"connaitre-et-comprendre-la-mecanique-des-violences-sexistes-et-sexuelles","status":"publish","type":"page","link":"https:\/\/plateformeviolencesffpe.org\/index.php\/le-portail-de-ressources-agir-contre-les-violences\/connaitre-et-comprendre-la-mecanique-des-violences-sexistes-et-sexuelles\/","title":{"rendered":"Connaitre et comprendre la m\u00e9canique des violences sexistes et sexuelles"},"content":{"rendered":"\n<p class=\"has-text-align-center\" style=\"font-size:20px\"><a href=\"https:\/\/plateformeviolencesffpe.org\/\" data-type=\"page\" data-id=\"14\">Retour<\/a><\/p>\n\n\n\n<h1 class=\"wp-block-heading has-text-align-left has-raft-fg-alt-color has-custom-comprendre-sexisme-background-color has-text-color has-background has-link-color has-x-large-font-size wp-elements-794c6ce35f27c3a9640e3121407e711e\" style=\"padding-top:var(--wp--preset--spacing--30);padding-right:var(--wp--preset--spacing--40);padding-bottom:var(--wp--preset--spacing--30);padding-left:var(--wp--preset--spacing--40)\">Connaitre et comprendre la m\u00e9canique des violences sexistes et sexuelles<\/h1>\n\n\n\n<p>Pour comprendre les violences de genre, il est essentiel de comprendre la m\u00e9canique sexiste. Ainsi dans cette rubrique, vous pourrez vous documenter gr\u00e2ce \u00e0 des articles et des vid\u00e9os. Vous pourrez suivre nos conseils de lecture afin de vous aider dans votre recherche sur la compr\u00e9hension des m\u00e9caniques des violences sexistes, sexuelles, et de genre.<\/p>\n\n\n\n<figure class=\"wp-block-gallery has-nested-images columns-3 is-cropped wp-block-gallery-1 is-layout-flex wp-block-gallery-is-layout-flex\">\n<figure class=\"wp-block-image size-large\"><a href=\"https:\/\/plateformeviolencesffpe.org\/index.php\/le-portail-de-ressources-agir-contre-les-violences\/comprendre-la-mecanique-sexiste-et-les-inegalites-de-genre\/legalite-femme-homme\/\"><img loading=\"lazy\" decoding=\"async\" width=\"1024\" height=\"768\" data-id=\"2063\" src=\"https:\/\/plateformeviolencesffpe.org\/wp-content\/uploads\/2024\/01\/1_egalite-Femme-Homme-1024x768.jpg\" alt=\"\" class=\"wp-image-2063\" srcset=\"https:\/\/plateformeviolencesffpe.org\/wp-content\/uploads\/2024\/01\/1_egalite-Femme-Homme-1024x768.jpg 1024w, https:\/\/plateformeviolencesffpe.org\/wp-content\/uploads\/2024\/01\/1_egalite-Femme-Homme-300x225.jpg 300w, https:\/\/plateformeviolencesffpe.org\/wp-content\/uploads\/2024\/01\/1_egalite-Femme-Homme-768x576.jpg 768w, https:\/\/plateformeviolencesffpe.org\/wp-content\/uploads\/2024\/01\/1_egalite-Femme-Homme.jpg 1200w\" sizes=\"auto, (max-width: 1024px) 100vw, 1024px\" \/><\/a><\/figure>\n\n\n\n<figure class=\"wp-block-image size-large\"><a href=\"https:\/\/plateformeviolencesffpe.org\/index.php\/le-genre\/\"><img loading=\"lazy\" decoding=\"async\" width=\"1024\" height=\"768\" data-id=\"2064\" src=\"https:\/\/plateformeviolencesffpe.org\/wp-content\/uploads\/2024\/01\/1_Le-genre-1024x768.jpg\" alt=\"\" class=\"wp-image-2064\" srcset=\"https:\/\/plateformeviolencesffpe.org\/wp-content\/uploads\/2024\/01\/1_Le-genre-1024x768.jpg 1024w, https:\/\/plateformeviolencesffpe.org\/wp-content\/uploads\/2024\/01\/1_Le-genre-300x225.jpg 300w, https:\/\/plateformeviolencesffpe.org\/wp-content\/uploads\/2024\/01\/1_Le-genre-768x576.jpg 768w, https:\/\/plateformeviolencesffpe.org\/wp-content\/uploads\/2024\/01\/1_Le-genre.jpg 1200w\" sizes=\"auto, (max-width: 1024px) 100vw, 1024px\" \/><\/a><\/figure>\n\n\n\n<figure class=\"wp-block-image size-large\"><a href=\"https:\/\/plateformeviolencesffpe.org\/index.php\/les-discriminations\/\"><img loading=\"lazy\" decoding=\"async\" width=\"1024\" height=\"768\" data-id=\"2065\" src=\"https:\/\/plateformeviolencesffpe.org\/wp-content\/uploads\/2024\/01\/1_Les-discriminations-1024x768.jpg\" alt=\"\" class=\"wp-image-2065\" srcset=\"https:\/\/plateformeviolencesffpe.org\/wp-content\/uploads\/2024\/01\/1_Les-discriminations-1024x768.jpg 1024w, https:\/\/plateformeviolencesffpe.org\/wp-content\/uploads\/2024\/01\/1_Les-discriminations-300x225.jpg 300w, https:\/\/plateformeviolencesffpe.org\/wp-content\/uploads\/2024\/01\/1_Les-discriminations-768x576.jpg 768w, https:\/\/plateformeviolencesffpe.org\/wp-content\/uploads\/2024\/01\/1_Les-discriminations.jpg 1200w\" sizes=\"auto, (max-width: 1024px) 100vw, 1024px\" \/><\/a><\/figure>\n\n\n\n<figure class=\"wp-block-image size-large\"><a href=\"https:\/\/plateformeviolencesffpe.org\/index.php\/comprendre-les-violences-faites-aux-femmes\/\"><img loading=\"lazy\" decoding=\"async\" width=\"1024\" height=\"768\" data-id=\"2390\" src=\"https:\/\/plateformeviolencesffpe.org\/wp-content\/uploads\/2024\/04\/1__COMPRENDRE-LES-VIOLENCES-FAITES-AUX-FEMMES-1024x768.jpg\" alt=\"\" class=\"wp-image-2390\" srcset=\"https:\/\/plateformeviolencesffpe.org\/wp-content\/uploads\/2024\/04\/1__COMPRENDRE-LES-VIOLENCES-FAITES-AUX-FEMMES-1024x768.jpg 1024w, https:\/\/plateformeviolencesffpe.org\/wp-content\/uploads\/2024\/04\/1__COMPRENDRE-LES-VIOLENCES-FAITES-AUX-FEMMES-300x225.jpg 300w, https:\/\/plateformeviolencesffpe.org\/wp-content\/uploads\/2024\/04\/1__COMPRENDRE-LES-VIOLENCES-FAITES-AUX-FEMMES-768x576.jpg 768w, https:\/\/plateformeviolencesffpe.org\/wp-content\/uploads\/2024\/04\/1__COMPRENDRE-LES-VIOLENCES-FAITES-AUX-FEMMES-1536x1152.jpg 1536w, https:\/\/plateformeviolencesffpe.org\/wp-content\/uploads\/2024\/04\/1__COMPRENDRE-LES-VIOLENCES-FAITES-AUX-FEMMES-2048x1536.jpg 2048w\" sizes=\"auto, (max-width: 1024px) 100vw, 1024px\" \/><\/a><\/figure>\n\n\n\n<figure class=\"wp-block-image size-large\"><a href=\"https:\/\/plateformeviolencesffpe.org\/index.php\/comprendre-les-violences-au-sein-du-couple\/\"><img loading=\"lazy\" decoding=\"async\" width=\"1024\" height=\"768\" data-id=\"2391\" src=\"https:\/\/plateformeviolencesffpe.org\/wp-content\/uploads\/2024\/04\/1__COMPRENDRE-LES-VIOLENCES-AU-SEIN-DU-COUPLE-1024x768.jpg\" alt=\"\" class=\"wp-image-2391\" srcset=\"https:\/\/plateformeviolencesffpe.org\/wp-content\/uploads\/2024\/04\/1__COMPRENDRE-LES-VIOLENCES-AU-SEIN-DU-COUPLE-1024x768.jpg 1024w, https:\/\/plateformeviolencesffpe.org\/wp-content\/uploads\/2024\/04\/1__COMPRENDRE-LES-VIOLENCES-AU-SEIN-DU-COUPLE-300x225.jpg 300w, https:\/\/plateformeviolencesffpe.org\/wp-content\/uploads\/2024\/04\/1__COMPRENDRE-LES-VIOLENCES-AU-SEIN-DU-COUPLE-768x576.jpg 768w, https:\/\/plateformeviolencesffpe.org\/wp-content\/uploads\/2024\/04\/1__COMPRENDRE-LES-VIOLENCES-AU-SEIN-DU-COUPLE-1536x1152.jpg 1536w, https:\/\/plateformeviolencesffpe.org\/wp-content\/uploads\/2024\/04\/1__COMPRENDRE-LES-VIOLENCES-AU-SEIN-DU-COUPLE-2048x1536.jpg 2048w\" sizes=\"auto, (max-width: 1024px) 100vw, 1024px\" \/><\/a><\/figure>\n\n\n\n<figure class=\"wp-block-image size-large\"><a href=\"https:\/\/plateformeviolencesffpe.org\/index.php\/comprendre-les-violences-familiales-sur-mineur-es\/\"><img loading=\"lazy\" decoding=\"async\" width=\"1024\" height=\"768\" data-id=\"2438\" src=\"https:\/\/plateformeviolencesffpe.org\/wp-content\/uploads\/2024\/05\/1_comprendre-les-violences-familiales-sur-mineurs-1024x768.jpg\" alt=\"\" class=\"wp-image-2438\" srcset=\"https:\/\/plateformeviolencesffpe.org\/wp-content\/uploads\/2024\/05\/1_comprendre-les-violences-familiales-sur-mineurs-1024x768.jpg 1024w, https:\/\/plateformeviolencesffpe.org\/wp-content\/uploads\/2024\/05\/1_comprendre-les-violences-familiales-sur-mineurs-300x225.jpg 300w, https:\/\/plateformeviolencesffpe.org\/wp-content\/uploads\/2024\/05\/1_comprendre-les-violences-familiales-sur-mineurs-768x576.jpg 768w, https:\/\/plateformeviolencesffpe.org\/wp-content\/uploads\/2024\/05\/1_comprendre-les-violences-familiales-sur-mineurs-1536x1152.jpg 1536w, https:\/\/plateformeviolencesffpe.org\/wp-content\/uploads\/2024\/05\/1_comprendre-les-violences-familiales-sur-mineurs-2048x1536.jpg 2048w\" sizes=\"auto, (max-width: 1024px) 100vw, 1024px\" \/><\/a><\/figure>\n\n\n\n<figure class=\"wp-block-image size-large\"><a href=\"https:\/\/plateformeviolencesffpe.org\/index.php\/reperer-les-violences\/\"><img loading=\"lazy\" decoding=\"async\" width=\"1024\" height=\"768\" data-id=\"2400\" src=\"https:\/\/plateformeviolencesffpe.org\/wp-content\/uploads\/2024\/04\/1_Reperer-emergence-et-les-mecanismes-des-violences-1024x768.jpg\" alt=\"\" class=\"wp-image-2400\" srcset=\"https:\/\/plateformeviolencesffpe.org\/wp-content\/uploads\/2024\/04\/1_Reperer-emergence-et-les-mecanismes-des-violences-1024x768.jpg 1024w, https:\/\/plateformeviolencesffpe.org\/wp-content\/uploads\/2024\/04\/1_Reperer-emergence-et-les-mecanismes-des-violences-300x225.jpg 300w, https:\/\/plateformeviolencesffpe.org\/wp-content\/uploads\/2024\/04\/1_Reperer-emergence-et-les-mecanismes-des-violences-768x576.jpg 768w, https:\/\/plateformeviolencesffpe.org\/wp-content\/uploads\/2024\/04\/1_Reperer-emergence-et-les-mecanismes-des-violences-1536x1152.jpg 1536w, https:\/\/plateformeviolencesffpe.org\/wp-content\/uploads\/2024\/04\/1_Reperer-emergence-et-les-mecanismes-des-violences-2048x1536.jpg 2048w\" sizes=\"auto, (max-width: 1024px) 100vw, 1024px\" \/><\/a><\/figure>\n\n\n\n<figure class=\"wp-block-image size-large\"><a href=\"https:\/\/plateformeviolencesffpe.org\/index.php\/violences-au-travail-et-dans-lespace-public\/\"><img loading=\"lazy\" decoding=\"async\" width=\"1024\" height=\"768\" data-id=\"2669\" src=\"https:\/\/plateformeviolencesffpe.org\/wp-content\/uploads\/2024\/05\/1_violences-au-travail-et-dans-espace-public-1024x768.jpg\" alt=\"\" class=\"wp-image-2669\" srcset=\"https:\/\/plateformeviolencesffpe.org\/wp-content\/uploads\/2024\/05\/1_violences-au-travail-et-dans-espace-public-1024x768.jpg 1024w, https:\/\/plateformeviolencesffpe.org\/wp-content\/uploads\/2024\/05\/1_violences-au-travail-et-dans-espace-public-300x225.jpg 300w, https:\/\/plateformeviolencesffpe.org\/wp-content\/uploads\/2024\/05\/1_violences-au-travail-et-dans-espace-public-768x576.jpg 768w, https:\/\/plateformeviolencesffpe.org\/wp-content\/uploads\/2024\/05\/1_violences-au-travail-et-dans-espace-public-1536x1152.jpg 1536w, https:\/\/plateformeviolencesffpe.org\/wp-content\/uploads\/2024\/05\/1_violences-au-travail-et-dans-espace-public-2048x1536.jpg 2048w\" sizes=\"auto, (max-width: 1024px) 100vw, 1024px\" \/><\/a><\/figure>\n\n\n\n<figure class=\"wp-block-image size-large\"><a href=\"https:\/\/plateformeviolencesffpe.org\/index.php\/enquete-violences-virage\/\"><img loading=\"lazy\" decoding=\"async\" width=\"1024\" height=\"768\" data-id=\"2404\" src=\"https:\/\/plateformeviolencesffpe.org\/wp-content\/uploads\/2024\/04\/1_Documents-enquete-et-de-presse-1024x768.jpg\" alt=\"\" class=\"wp-image-2404\" srcset=\"https:\/\/plateformeviolencesffpe.org\/wp-content\/uploads\/2024\/04\/1_Documents-enquete-et-de-presse-1024x768.jpg 1024w, https:\/\/plateformeviolencesffpe.org\/wp-content\/uploads\/2024\/04\/1_Documents-enquete-et-de-presse-300x225.jpg 300w, https:\/\/plateformeviolencesffpe.org\/wp-content\/uploads\/2024\/04\/1_Documents-enquete-et-de-presse-768x576.jpg 768w, https:\/\/plateformeviolencesffpe.org\/wp-content\/uploads\/2024\/04\/1_Documents-enquete-et-de-presse-1536x1152.jpg 1536w, https:\/\/plateformeviolencesffpe.org\/wp-content\/uploads\/2024\/04\/1_Documents-enquete-et-de-presse-2048x1536.jpg 2048w\" sizes=\"auto, (max-width: 1024px) 100vw, 1024px\" \/><\/a><\/figure>\n<\/figure>\n\n\n\n<div class=\"wp-block-group has-custom-fond-comprendre-sexisme-background-color has-background is-layout-constrained wp-block-group-is-layout-constrained\" style=\"margin-top:var(--wp--preset--spacing--60);margin-bottom:var(--wp--preset--spacing--60);padding-top:var(--wp--preset--spacing--40);padding-bottom:var(--wp--preset--spacing--40)\">\n<h2 class=\"wp-block-heading has-raft-fg-color has-text-color has-link-color has-medium-font-size wp-elements-126e5ee97edf749db5d75b2a244f24f2\">Quelques ressources sur le sexisme et sur les in\u00e9galit\u00e9s de genre :<\/h2>\n\n\n\n<div class=\"wp-block-buttons is-vertical is-layout-flex wp-container-core-buttons-is-layout-fe9cc265 wp-block-buttons-is-layout-flex\">\n<div class=\"wp-block-button is-style-outline is-style-outline--2\"><a class=\"wp-block-button__link has-custom-comprendre-sexisme-color has-text-color has-link-color wp-element-button\" href=\"https:\/\/plateformeviolencesffpe.org\/wp-content\/uploads\/2024\/12\/GUIDE-FFPE-Violences-sexistes-et-Harcelement-chez-les-jeunes.pdf.pdf\" target=\"_blank\" rel=\"noreferrer noopener\">Guide de la FFPE sur les violences sexistes et sexuelles chez les jeunes<\/a><\/div>\n\n\n\n<div class=\"wp-block-button is-style-outline is-style-outline--3\"><a class=\"wp-block-button__link has-custom-comprendre-sexisme-color has-text-color has-link-color wp-element-button\" href=\"https:\/\/plateformeviolencesffpe.org\/wp-content\/uploads\/2023\/11\/etat_du_sexisme_en_france-_rapport_annuel_2023_-1.pdf\" target=\"_blank\" rel=\"noreferrer noopener\">T\u00e9l\u00e9charger le Rapport annuel 2023 sur l\u2019\u00e9tat des lieux du sexisme en France<\/a><\/div>\n\n\n\n<div class=\"wp-block-button is-style-outline is-style-outline--4\"><a class=\"wp-block-button__link has-custom-comprendre-sexisme-color has-text-color has-link-color wp-element-button\" href=\"https:\/\/plateformeviolencesffpe.org\/wp-content\/uploads\/2023\/11\/Plan_interministeriel_pour_legalite_entre_les_femmes_et_les_hommes_2023-2027_2.pdf\" target=\"_blank\" rel=\"noreferrer noopener\">T\u00e9l\u00e9charger le Plan interminist\u00e9riel pour l\u2019\u00e9galit\u00e9 entre les femmes et les hommes (2023 \u2013 2027)<\/a><\/div>\n\n\n\n<div class=\"wp-block-button is-style-outline is-style-outline--5\"><a class=\"wp-block-button__link has-custom-comprendre-sexisme-color has-text-color has-link-color wp-element-button\" href=\"https:\/\/plateformeviolencesffpe.org\/wp-content\/uploads\/2023\/11\/INTERSECTIONNALITE_-7.png\" target=\"_blank\" rel=\"noreferrer noopener\">Consulter le graphique sur l&rsquo;Intersectionnalit\u00e9<\/a><\/div>\n\n\n\n<div class=\"wp-block-button is-style-outline is-style-outline--6\"><a class=\"wp-block-button__link has-custom-comprendre-sexisme-color has-text-color has-link-color wp-element-button\" href=\"https:\/\/plateformeviolencesffpe.org\/wp-content\/uploads\/2023\/11\/2_EGALITE-GENRE-Pour-aller-plus-loin.pdf\" target=\"_blank\" rel=\"noreferrer noopener\">Consulter la Synth\u00e8se d\u2019outils r\u00e9alis\u00e9e par la FFPE<\/a><\/div>\n\n\n\n<div class=\"wp-block-button is-style-outline is-style-outline--7\"><a class=\"wp-block-button__link has-custom-comprendre-sexisme-color has-text-color has-link-color wp-element-button\" href=\"https:\/\/www.lumni.fr\/programme\/les-cles-du-numerique\" target=\"_blank\" rel=\"noreferrer noopener\">Lumni.fr : Vid\u00e9os de pr\u00e9vention \u00e0 l&rsquo;attention des \u00e9l\u00e8ves et des enseignants <\/a><\/div>\n\n\n\n<div class=\"wp-block-button is-style-outline is-style-outline--8\"><a class=\"wp-block-button__link has-custom-comprendre-sexisme-color has-text-color has-link-color wp-element-button\" href=\"https:\/\/plateformeviolencesffpe.org\/wp-content\/uploads\/2024\/12\/Bibliographie-IREPS-violences-Intrafamiliales_VF.pdf\" target=\"_blank\" rel=\"noreferrer noopener\">Bibliographie sur les violences intrafamiliales<\/a><\/div>\n<\/div>\n<\/div>\n\n\n\n<p class=\"has-text-align-center\" style=\"font-size:20px\"><a href=\"https:\/\/plateformeviolencesffpe.org\/\" data-type=\"page\" data-id=\"14\">Retour<\/a><\/p>\n\n\n\n<p><\/p>\n","protected":false},"excerpt":{"rendered":"<p>Retour Connaitre et comprendre la m\u00e9canique des violences sexistes et sexuelles Pour comprendre les violences de genre, il est essentiel de comprendre la m\u00e9canique sexiste. Ainsi dans cette rubrique, vous pourrez vous documenter gr\u00e2ce \u00e0 des articles et des vid\u00e9os. Vous pourrez suivre nos conseils de lecture afin de vous aider dans votre recherche sur [&hellip;]<\/p>\n","protected":false},"author":1,"featured_media":0,"parent":14,"menu_order":0,"comment_status":"closed","ping_status":"closed","template":"","meta":{"iawp_total_views":223,"footnotes":""},"class_list":["post-146","page","type-page","status-publish","hentry"],"_links":{"self":[{"href":"https:\/\/plateformeviolencesffpe.org\/index.php\/wp-json\/wp\/v2\/pages\/146","targetHints":{"allow":["GET"]}}],"collection":[{"href":"https:\/\/plateformeviolencesffpe.org\/index.php\/wp-json\/wp\/v2\/pages"}],"about":[{"href":"https:\/\/plateformeviolencesffpe.org\/index.php\/wp-json\/wp\/v2\/types\/page"}],"author":[{"embeddable":true,"href":"https:\/\/plateformeviolencesffpe.org\/index.php\/wp-json\/wp\/v2\/users\/1"}],"replies":[{"embeddable":true,"href":"https:\/\/plateformeviolencesffpe.org\/index.php\/wp-json\/wp\/v2\/comments?post=146"}],"version-history":[{"count":73,"href":"https:\/\/plateformeviolencesffpe.org\/index.php\/wp-json\/wp\/v2\/pages\/146\/revisions"}],"predecessor-version":[{"id":3289,"href":"https:\/\/plateformeviolencesffpe.org\/index.php\/wp-json\/wp\/v2\/pages\/146\/revisions\/3289"}],"up":[{"embeddable":true,"href":"https:\/\/plateformeviolencesffpe.org\/index.php\/wp-json\/wp\/v2\/pages\/14"}],"wp:attachment":[{"href":"https:\/\/plateformeviolencesffpe.org\/index.php\/wp-json\/wp\/v2\/media?parent=146"}],"curies":[{"name":"wp","href":"https:\/\/api.w.org\/{rel}","templated":true}]}}