{"id":1082,"date":"2024-01-03T16:33:55","date_gmt":"2024-01-03T15:33:55","guid":{"rendered":"https:\/\/plateformeviolencesffpe.org\/?page_id=1082"},"modified":"2024-12-03T14:45:21","modified_gmt":"2024-12-03T13:45:21","slug":"comprendre-les-violences-familiales-sur-mineur-es","status":"publish","type":"page","link":"https:\/\/plateformeviolencesffpe.org\/index.php\/le-portail-de-ressources-agir-contre-les-violences\/connaitre-et-comprendre-la-mecanique-des-violences-sexistes-et-sexuelles\/comprendre-les-violences-familiales-sur-mineur-es\/","title":{"rendered":"Comprendre les violences familiales sur mineur.e.s"},"content":{"rendered":"\n<p class=\"has-text-align-center\" style=\"font-size:20px\"><a href=\"https:\/\/plateformeviolencesffpe.org\/index.php\/le-portail-de-ressources-agir-contre-les-violences\/connaitre-et-comprendre-la-mecanique-des-violences-sexistes-et-sexuelles\/\" data-type=\"page\" data-id=\"146\">Retour<\/a><\/p>\n\n\n\n<h1 class=\"wp-block-heading has-text-align-left has-raft-fg-alt-color has-custom-comprendre-sexisme-background-color has-text-color has-background has-link-color has-x-large-font-size wp-elements-0925d5e617d03be2dba047d9643be1f7\" style=\"padding-top:var(--wp--preset--spacing--30);padding-right:var(--wp--preset--spacing--40);padding-bottom:var(--wp--preset--spacing--30);padding-left:var(--wp--preset--spacing--40)\">Comprendre les violences familiales sur mineur.e.s<\/h1>\n\n\n\n<div class=\"wp-block-group has-custom-fond-comprendre-sexisme-background-color has-background is-layout-constrained wp-block-group-is-layout-constrained\" style=\"margin-top:var(--wp--preset--spacing--60);margin-bottom:var(--wp--preset--spacing--60);padding-top:var(--wp--preset--spacing--40);padding-bottom:var(--wp--preset--spacing--40)\">\n<h2 class=\"wp-block-heading has-raft-fg-color has-text-color has-link-color has-medium-font-size wp-elements-3a11d684cb80748532d312726e74ab42\">D\u00e9finitions <\/h2>\n\n\n\n<p>Les violences sexuelles commises contre des enfants sont multiples, qu\u2019il s\u2019agisse des viols et des agressions sexuelles commis par des adultes contre des enfants et, parmi ces faits, fr\u00e9quemment, des violences sexuelles incestueuses par le p\u00e8re ou le beau-p\u00e8re, le fr\u00e8re a\u00een\u00e9, le grand-p\u00e8re ; qu\u2019il s\u2019agisse de violences sexuelles commises par un autre enfant ou de harc\u00e8lement sexuel entre enfants notamment par l\u2019usage de moyens de t\u00e9l\u00e9communication et des r\u00e9seaux sociaux ; qu\u2019il s\u2019agisse aussi des mariages forc\u00e9s ou des mutilations sexuelles f\u00e9minines ou encore de la prostitution des enfants.<\/p>\n\n\n\n<p>C\u2019est le plus souvent dans un contexte intime, familial ou institutionnel, et par un agresseur appartenant \u00e0 son entourage proche et b\u00e9n\u00e9ficiant de la confiance des adultes prenant soin de lui que des violences sexuelles sont commises contre un enfant.<\/p>\n\n\n\n<p><em>Extrait CIVIISE<\/em><\/p>\n\n\n\n<div class=\"wp-block-buttons is-vertical is-nowrap is-layout-flex wp-container-core-buttons-is-layout-3655d5c7 wp-block-buttons-is-layout-flex\">\n<div class=\"wp-block-button is-style-outline is-style-outline--1\"><a class=\"wp-block-button__link has-custom-comprendre-sexisme-color has-text-color has-link-color wp-element-button\" href=\"https:\/\/plateformeviolencesffpe.org\/wp-content\/uploads\/2024\/01\/1-REPERER-et-SIGNALER-les-VS.pdf\" target=\"_blank\" rel=\"noreferrer noopener\">Rep\u00e9rer et signaler les violences sexuelles faites aux enfants<\/a><\/div>\n\n\n\n<div class=\"wp-block-button is-style-outline is-style-outline--2\"><a class=\"wp-block-button__link has-custom-comprendre-sexisme-color has-text-color has-link-color wp-element-button\" href=\"https:\/\/plateformeviolencesffpe.org\/wp-content\/uploads\/2024\/01\/2-CONSEQUENCES-VIOLENCES-SEXUELLES-ENFANTS.pdf\" target=\"_blank\" rel=\"noreferrer noopener\">Les cons\u00e9quences des violences sexuelles faites aux enfants<\/a><\/div>\n<\/div>\n<\/div>\n\n\n\n<div class=\"wp-block-group has-custom-fond-comprendre-sexisme-background-color has-background is-layout-constrained wp-block-group-is-layout-constrained\" style=\"margin-top:var(--wp--preset--spacing--60);margin-bottom:var(--wp--preset--spacing--60);padding-top:var(--wp--preset--spacing--40);padding-bottom:var(--wp--preset--spacing--40)\">\n<h2 class=\"wp-block-heading has-raft-fg-color has-text-color has-link-color has-medium-font-size wp-elements-ff9a62ddfe69fc5ea450fa43888f7a33\">Violences sexuelles faites aux enfants<\/h2>\n\n\n\n<div class=\"wp-block-buttons is-vertical is-nowrap is-layout-flex wp-container-core-buttons-is-layout-3655d5c7 wp-block-buttons-is-layout-flex\">\n<div class=\"wp-block-button is-style-outline is-style-outline--3\"><a class=\"wp-block-button__link has-custom-comprendre-sexisme-color has-text-color has-link-color wp-element-button\" href=\"https:\/\/plateformeviolencesffpe.org\/wp-content\/uploads\/2024\/05\/Viol.sexuelles.pdf\" target=\"_blank\" rel=\"noreferrer noopener\">Synth\u00e8se de la CIIVISE sur les violences sexuelles faites aux enfants<\/a><\/div>\n\n\n\n<div class=\"wp-block-button is-style-outline is-style-outline--4\"><a class=\"wp-block-button__link has-custom-comprendre-sexisme-color has-text-color has-link-color wp-element-button\" href=\"https:\/\/plateformeviolencesffpe.org\/wp-content\/uploads\/2024\/05\/viol.sexuelles-enfants.pdf\" target=\"_blank\" rel=\"noreferrer noopener\">Conclusions de la CIIVISE sur la protection des enfants contre les violences sexuelles<\/a><\/div>\n\n\n\n<div class=\"wp-block-button is-style-outline is-style-outline--5\"><a class=\"wp-block-button__link has-custom-comprendre-sexisme-color has-text-color has-link-color wp-element-button\" href=\"https:\/\/plateformeviolencesffpe.org\/wp-content\/uploads\/2024\/05\/Fiche-IREPS-Programme-de-prevention-des-violences-sexuelles.pdf\" target=\"_blank\" rel=\"noreferrer noopener\">Fiche IREPS du programme de pr\u00e9vention des violences sexuelles<\/a><\/div>\n\n\n\n<div class=\"wp-block-button is-style-outline is-style-outline--6\"><a class=\"wp-block-button__link has-custom-comprendre-sexisme-color has-text-color has-link-color wp-element-button\" href=\"https:\/\/plateformeviolencesffpe.org\/wp-content\/uploads\/2024\/05\/Avis-Le-cout-du-deni_VFpdf-1.pdf\" target=\"_blank\" rel=\"noreferrer noopener\">Avis de la CIIVISE sur le co\u00fbt du d\u00e9ni des violences sexuelles faites aux enfants<\/a><\/div>\n<\/div>\n<\/div>\n\n\n\n<div class=\"wp-block-group has-custom-fond-comprendre-sexisme-background-color has-background is-layout-constrained wp-block-group-is-layout-constrained\" style=\"margin-top:var(--wp--preset--spacing--60);margin-bottom:var(--wp--preset--spacing--60);padding-top:var(--wp--preset--spacing--40);padding-bottom:var(--wp--preset--spacing--40)\">\n<h2 class=\"wp-block-heading has-raft-fg-color has-text-color has-link-color has-medium-font-size wp-elements-490ae48d84f061535256b9210d2bf1cc\">Des ressources pour aller plus loin<\/h2>\n\n\n\n<div class=\"wp-block-buttons is-vertical is-nowrap is-layout-flex wp-container-core-buttons-is-layout-3655d5c7 wp-block-buttons-is-layout-flex\">\n<div class=\"wp-block-button is-style-outline is-style-outline--7\"><a class=\"wp-block-button__link has-custom-comprendre-sexisme-color has-text-color has-link-color wp-element-button\" href=\"https:\/\/plateformeviolencesffpe.org\/wp-content\/uploads\/2024\/01\/3-Dossier-CIIVISE-2109-compresse.pdf\" target=\"_blank\" rel=\"noreferrer noopener\">Dossier appels \u00e0 t\u00e9moignage de la CIIVISE<\/a><\/div>\n\n\n\n<div class=\"wp-block-button is-style-outline is-style-outline--8\"><a class=\"wp-block-button__link has-custom-comprendre-sexisme-color has-text-color has-link-color wp-element-button\" href=\"https:\/\/plateformeviolencesffpe.org\/wp-content\/uploads\/2024\/01\/4-Copie-de-ECOUTE-VIOLENCES-2020.pdf\" target=\"_blank\" rel=\"noreferrer noopener\">Synth\u00e8se \u00ab\u00a0Une \u00e9coute \u00e0 l&rsquo;\u00e9crit\u00a0\u00bb<\/a><\/div>\n\n\n\n<div class=\"wp-block-button is-style-outline is-style-outline--9\"><a class=\"wp-block-button__link has-custom-comprendre-sexisme-color has-text-color has-link-color wp-element-button\" href=\"https:\/\/facealinceste.fr\/\" target=\"_blank\" rel=\"noreferrer noopener\">L&rsquo;association \u00ab\u00a0Face \u00e0 l&rsquo;inceste\u00a0\u00bb<\/a><\/div>\n\n\n\n<div class=\"wp-block-button is-style-outline is-style-outline--10\"><a class=\"wp-block-button__link has-custom-comprendre-sexisme-color has-text-color has-link-color wp-element-button\" href=\"https:\/\/plateformeviolencesffpe.org\/wp-content\/uploads\/2024\/12\/BAROMETRE-violences-educatives-ordinaires.pdf\" target=\"_blank\" rel=\"noreferrer noopener\">Barom\u00e8tre des violences \u00e9ducatives ordinaires<\/a><\/div>\n<\/div>\n<\/div>\n\n\n\n<p class=\"has-text-align-center\" style=\"font-size:20px\"><a href=\"https:\/\/plateformeviolencesffpe.org\/index.php\/le-portail-de-ressources-agir-contre-les-violences\/connaitre-et-comprendre-la-mecanique-des-violences-sexistes-et-sexuelles\/\" data-type=\"page\" data-id=\"2366\">Retour<\/a><\/p>\n","protected":false},"excerpt":{"rendered":"<p>Retour Comprendre les violences familiales sur mineur.e.s D\u00e9finitions Les violences sexuelles commises contre des enfants sont multiples, qu\u2019il s\u2019agisse des viols et des agressions sexuelles commis par des adultes contre des enfants et, parmi ces faits, fr\u00e9quemment, des violences sexuelles incestueuses par le p\u00e8re ou le beau-p\u00e8re, le fr\u00e8re a\u00een\u00e9, le grand-p\u00e8re ; qu\u2019il s\u2019agisse [&hellip;]<\/p>\n","protected":false},"author":1,"featured_media":0,"parent":146,"menu_order":0,"comment_status":"closed","ping_status":"closed","template":"","meta":{"iawp_total_views":17,"footnotes":""},"class_list":["post-1082","page","type-page","status-publish","hentry"],"_links":{"self":[{"href":"https:\/\/plateformeviolencesffpe.org\/index.php\/wp-json\/wp\/v2\/pages\/1082","targetHints":{"allow":["GET"]}}],"collection":[{"href":"https:\/\/plateformeviolencesffpe.org\/index.php\/wp-json\/wp\/v2\/pages"}],"about":[{"href":"https:\/\/plateformeviolencesffpe.org\/index.php\/wp-json\/wp\/v2\/types\/page"}],"author":[{"embeddable":true,"href":"https:\/\/plateformeviolencesffpe.org\/index.php\/wp-json\/wp\/v2\/users\/1"}],"replies":[{"embeddable":true,"href":"https:\/\/plateformeviolencesffpe.org\/index.php\/wp-json\/wp\/v2\/comments?post=1082"}],"version-history":[{"count":34,"href":"https:\/\/plateformeviolencesffpe.org\/index.php\/wp-json\/wp\/v2\/pages\/1082\/revisions"}],"predecessor-version":[{"id":3287,"href":"https:\/\/plateformeviolencesffpe.org\/index.php\/wp-json\/wp\/v2\/pages\/1082\/revisions\/3287"}],"up":[{"embeddable":true,"href":"https:\/\/plateformeviolencesffpe.org\/index.php\/wp-json\/wp\/v2\/pages\/146"}],"wp:attachment":[{"href":"https:\/\/plateformeviolencesffpe.org\/index.php\/wp-json\/wp\/v2\/media?parent=1082"}],"curies":[{"name":"wp","href":"https:\/\/api.w.org\/{rel}","templated":true}]}}